{"id":5003,"date":"2025-04-01T12:22:47","date_gmt":"2025-04-01T12:22:47","guid":{"rendered":"https:\/\/benavet.com\/?page_id=5003"},"modified":"2025-06-02T06:36:53","modified_gmt":"2025-06-02T06:36:53","slug":"pisos-de-apoyo-tratamiento","status":"publish","type":"page","link":"https:\/\/benavet.com\/es\/pisos-de-apoyo-tratamiento\/","title":{"rendered":"Pisos de apoyo al tratamiento"},"content":{"rendered":"<p>[et_pb_section fb_built=\u00bb1&#8243; specialty=\u00bbon\u00bb admin_label=\u00bbHeader\u00bb _builder_version=\u00bb4.27.4&#8243; _module_preset=\u00bbdefault\u00bb use_background_color_gradient=\u00bbon\u00bb background_color_gradient_direction=\u00bb172deg\u00bb background_color_gradient_stops=\u00bbrgba(0,0,0,0) 31%|#ffffff 100%\u00bb background_color_gradient_overlays_image=\u00bbon\u00bb background_color_gradient_start=\u00bbrgba(0,0,0,0)\u00bb background_color_gradient_start_position=\u00bb45%\u00bb background_color_gradient_end=\u00bb#ffffff\u00bb background_color_gradient_end_position=\u00bb45%\u00bb background_image=\u00bbhttps:\/\/benavet.com\/wp-content\/uploads\/2025\/04\/IMG_0723_resultat.webp\u00bb background_position=\u00bbbottom_right\u00bb custom_padding=\u00bb||0px||false|false\u00bb hover_enabled=\u00bb0&#8243; global_colors_info=\u00bb{}\u00bb sticky_enabled=\u00bb0&#8243;][et_pb_column type=\u00bb1_3&#8243; _builder_version=\u00bb4.16&#8243; custom_padding=\u00bb|||\u00bb global_colors_info=\u00bb{}\u00bb custom_padding__hover=\u00bb|||\u00bb][et_pb_text content_tablet=\u00bb\u00bb content_phone=\u00bb\u00bb content_last_edited=\u00bbon|phone\u00bb _builder_version=\u00bb4.27.4&#8243; header_font=\u00bbPoppins|600|||||||\u00bb header_text_color=\u00bb#FFFFFF\u00bb header_font_size=\u00bb55px\u00bb header_line_height=\u00bb1.2em\u00bb header_2_text_color=\u00bb#FFFFFF\u00bb width=\u00bb2000px\u00bb hover_enabled=\u00bb0&#8243; header_font_size_tablet=\u00bb42px\u00bb header_font_size_phone=\u00bb24px\u00bb header_font_size_last_edited=\u00bbon|phone\u00bb border_color_all=\u00bbrgba(0,0,0,0)\u00bb global_colors_info=\u00bb{}\u00bb header_text_shadow_style=\u00bbpreset3&#8243; header_2_text_shadow_style=\u00bbpreset3&#8243; sticky_enabled=\u00bb0&#8243;]<\/p>\n<h1>Pisos de apoyo al tratamiento<\/h1>\n<p>&nbsp;<\/p>\n<h2><strong>Viviendas ideadas para la correcta recuperaci\u00f3n de los pacientes<\/strong><\/h2>\n<p>[\/et_pb_text][et_pb_button button_url=\u00bb\/contacto\u00bb button_text=\u00bbM\u00e1s informaci\u00f3n\u00bb _builder_version=\u00bb4.27.4&#8243; custom_button=\u00bbon\u00bb button_text_size=\u00bb14px\u00bb button_bg_color=\u00bb#005450&#8243; button_border_width=\u00bb0px\u00bb button_border_radius=\u00bb100px\u00bb button_letter_spacing=\u00bb2px\u00bb button_font=\u00bbWork Sans|||on|||||\u00bb background_layout=\u00bbdark\u00bb custom_margin=\u00bb30px|||||\u00bb custom_padding=\u00bb18px|40px|18px|40px|true|true\u00bb custom_padding_tablet=\u00bb15px||15px||true|true\u00bb custom_padding_phone=\u00bb12px|22px|12px|22px|true|true\u00bb custom_padding_last_edited=\u00bbon|phone\u00bb button_text_size_tablet=\u00bb\u00bb button_text_size_phone=\u00bb12px\u00bb button_text_size_last_edited=\u00bbon|phone\u00bb button_letter_spacing_hover=\u00bb2px\u00bb locked=\u00bboff\u00bb global_colors_info=\u00bb{}\u00bb button_text_size__hover_enabled=\u00bboff\u00bb button_one_text_size__hover_enabled=\u00bboff\u00bb button_two_text_size__hover_enabled=\u00bboff\u00bb button_text_color__hover_enabled=\u00bboff\u00bb button_one_text_color__hover_enabled=\u00bboff\u00bb button_two_text_color__hover_enabled=\u00bboff\u00bb button_border_width__hover_enabled=\u00bboff\u00bb button_one_border_width__hover_enabled=\u00bboff\u00bb button_two_border_width__hover_enabled=\u00bboff\u00bb button_border_color__hover_enabled=\u00bboff\u00bb button_one_border_color__hover_enabled=\u00bboff\u00bb button_two_border_color__hover_enabled=\u00bboff\u00bb button_border_radius__hover_enabled=\u00bboff\u00bb button_one_border_radius__hover_enabled=\u00bboff\u00bb button_two_border_radius__hover_enabled=\u00bboff\u00bb button_letter_spacing__hover_enabled=\u00bbon|hover\u00bb button_letter_spacing__hover=\u00bb0px\u00bb button_one_letter_spacing__hover_enabled=\u00bboff\u00bb button_two_letter_spacing__hover_enabled=\u00bboff\u00bb button_bg_color__hover_enabled=\u00bbon|hover\u00bb button_one_bg_color__hover_enabled=\u00bboff\u00bb button_two_bg_color__hover_enabled=\u00bboff\u00bb button_bg_color__hover=\u00bb#2e987d\u00bb][\/et_pb_button][\/et_pb_column][et_pb_column type=\u00bb2_3&#8243; specialty_columns=\u00bb2&#8243; _builder_version=\u00bb4.16&#8243; custom_padding=\u00bb|||\u00bb global_colors_info=\u00bb{}\u00bb custom_padding__hover=\u00bb|||\u00bb][\/et_pb_column][\/et_pb_section][et_pb_section fb_built=\u00bb1&#8243; admin_label=\u00bbMission\u00bb _builder_version=\u00bb4.16&#8243; _module_preset=\u00bbdefault\u00bb background_image=\u00bbhttps:\/\/benavet.com\/wp-content\/uploads\/2023\/01\/family-doctor-031.png\u00bb background_position=\u00bbtop_center\u00bb locked=\u00bboff\u00bb global_colors_info=\u00bb{}\u00bb][et_pb_row column_structure=\u00bb1_2,1_2&#8243; use_custom_gutter=\u00bbon\u00bb gutter_width=\u00bb1&#8243; make_equal=\u00bbon\u00bb _builder_version=\u00bb4.27.4&#8243; _module_preset=\u00bbdefault\u00bb width=\u00bb100%\u00bb locked=\u00bboff\u00bb global_colors_info=\u00bb{}\u00bb][et_pb_column type=\u00bb1_2&#8243; _builder_version=\u00bb4.20.0&#8243; _module_preset=\u00bbdefault\u00bb sticky_limit_bottom=\u00bbsection\u00bb global_colors_info=\u00bb{}\u00bb][et_pb_code _builder_version=\u00bb4.27.4&#8243; _module_preset=\u00bbdefault\u00bb width=\u00bb90%\u00bb module_alignment=\u00bbcenter\u00bb global_colors_info=\u00bb{}\u00bb]<!-- [et_pb_line_break_holder] --><iframe loading=\"lazy\" width=\"606\" height=\"1078\" src=\"https:\/\/www.youtube.com\/embed\/BMkTWkXSESc\" title=\"Els pisos terap\u00e8utics, un recurs per als pacients en proc\u00e9s de recuperaci\u00f3 d&#39;adicci\u00f3\" frameborder=\"0\" allow=\"accelerometer; autoplay; clipboard-write; encrypted-media; gyroscope; picture-in-picture; web-share\" referrerpolicy=\"strict-origin-when-cross-origin\" allowfullscreen><\/iframe>[\/et_pb_code][\/et_pb_column][et_pb_column type=\u00bb1_2&#8243; _builder_version=\u00bb4.20.0&#8243; _module_preset=\u00bbdefault\u00bb sticky_limit_bottom=\u00bbsection\u00bb global_colors_info=\u00bb{}\u00bb][et_pb_text _builder_version=\u00bb4.27.4&#8243; _module_preset=\u00bbdefault\u00bb header_2_font=\u00bbPoppins|600|||||||\u00bb header_2_text_color=\u00bb#005450&#8243; header_2_font_size=\u00bb45px\u00bb header_2_line_height=\u00bb1.2em\u00bb max_width=\u00bb700px\u00bb custom_margin=\u00bb5px||||false|false\u00bb header_2_font_size_tablet=\u00bb30px\u00bb header_2_font_size_phone=\u00bb20px\u00bb header_2_font_size_last_edited=\u00bbon|phone\u00bb locked=\u00bboff\u00bb global_colors_info=\u00bb{}\u00bb]<\/p>\n<h2>Pisos de apoyo al tratamiento<\/h2>\n<p>[\/et_pb_text][et_pb_text _builder_version=\u00bb4.27.4&#8243; text_font=\u00bb||||||||\u00bb text_font_size=\u00bb16px\u00bb text_line_height=\u00bb2em\u00bb header_font=\u00bb||||||||\u00bb header_2_font=\u00bbMontserrat|300|||||||\u00bb header_2_font_size=\u00bb40px\u00bb header_2_line_height=\u00bb1.4em\u00bb header_5_font=\u00bb||||||||\u00bb header_5_text_color=\u00bb#7f8dff\u00bb header_5_line_height=\u00bb2em\u00bb max_width=\u00bb1230px\u00bb custom_margin=\u00bb0px||||false|false\u00bb custom_padding=\u00bb||23px|||\u00bb hover_enabled=\u00bb0&#8243; header_2_font_size_tablet=\u00bb\u00bb header_2_font_size_phone=\u00bb30px\u00bb header_2_font_size_last_edited=\u00bbon|phone\u00bb locked=\u00bboff\u00bb global_colors_info=\u00bb{}\u00bb sticky_enabled=\u00bb0&#8243;]<\/p>\n<p>Los pisos de apoyo al tratamiento son pisos en los que los pacientes en proceso de recuperaci\u00f3n de una adicci\u00f3n puedan vivir en un entorno favorable en el camino de su tratamiento.<\/p>\n<p>En los pisos, un tutor asignado especializado en terapia de recuperaci\u00f3n de adicciones hace una supervisi\u00f3n de los inquilinos para garantizar un correcto seguimiento del proceso terap\u00e9utico.<\/p>\n<p>[\/et_pb_text][et_pb_text _builder_version=\u00bb4.27.4&#8243; _module_preset=\u00bbdefault\u00bb header_2_font=\u00bbPoppins|600|||||||\u00bb header_2_text_color=\u00bb#005450&#8243; header_2_font_size=\u00bb45px\u00bb header_2_line_height=\u00bb1.2em\u00bb header_3_font=\u00bbPoppins|600|||||||\u00bb header_3_text_color=\u00bb#005450&#8243; header_3_font_size=\u00bb26px\u00bb max_width=\u00bb700px\u00bb custom_margin=\u00bb6px||||false|false\u00bb header_2_font_size_tablet=\u00bb30px\u00bb header_2_font_size_phone=\u00bb20px\u00bb header_2_font_size_last_edited=\u00bbon|phone\u00bb locked=\u00bboff\u00bb global_colors_info=\u00bb{}\u00bb]<\/p>\n<h3>\u00bfC\u00f3mo son los pisos?<\/h3>\n<p>[\/et_pb_text][et_pb_text _builder_version=\u00bb4.27.4&#8243; text_font=\u00bb||||||||\u00bb text_font_size=\u00bb16px\u00bb text_line_height=\u00bb2em\u00bb header_font=\u00bb||||||||\u00bb header_2_font=\u00bbMontserrat|300|||||||\u00bb header_2_font_size=\u00bb40px\u00bb header_2_line_height=\u00bb1.4em\u00bb header_5_font=\u00bb||||||||\u00bb header_5_text_color=\u00bb#7f8dff\u00bb header_5_line_height=\u00bb2em\u00bb max_width=\u00bb1230px\u00bb custom_margin=\u00bb0px||||false|false\u00bb custom_padding=\u00bb||30px|||\u00bb hover_enabled=\u00bb0&#8243; header_2_font_size_tablet=\u00bb\u00bb header_2_font_size_phone=\u00bb30px\u00bb header_2_font_size_last_edited=\u00bbon|phone\u00bb locked=\u00bboff\u00bb global_colors_info=\u00bb{}\u00bb sticky_enabled=\u00bb0&#8243;]<\/p>\n<p>Los <strong>pisos de apoyo al tratamiento<\/strong> se encuentran en el area de Tarragona, en poblaciones cercanas al centro Benavet, donde los pacientes podr\u00e1n seguir su tratamiento de recuperaci\u00f3n.<\/p>\n<p>Son pisos totalmente equipados para poder entrar a vivir con todas las comodidades b\u00e1sicas cubiertas.<\/p>\n<p>Si eres un paciente o familiar de fuera de Tarragona , cont\u00e1ctanos para saber m\u00e1s informaci\u00f3n y precios de los pisos terap\u00e9uticos.<\/p>\n<p>[\/et_pb_text][et_pb_button button_url=\u00bb\/contacto\u00bb button_text=\u00bbM\u00e1s informaci\u00f3n\u00bb _builder_version=\u00bb4.27.4&#8243; custom_button=\u00bbon\u00bb button_text_size=\u00bb14px\u00bb button_bg_color=\u00bb#005450&#8243; button_border_width=\u00bb0px\u00bb button_border_radius=\u00bb100px\u00bb button_letter_spacing=\u00bb2px\u00bb button_font=\u00bbWork Sans|||on|||||\u00bb background_layout=\u00bbdark\u00bb custom_margin=\u00bb30px|||||\u00bb custom_padding=\u00bb18px|40px|18px|40px|true|true\u00bb custom_padding_tablet=\u00bb15px||15px||true|true\u00bb custom_padding_phone=\u00bb12px|22px|12px|22px|true|true\u00bb custom_padding_last_edited=\u00bbon|phone\u00bb button_text_size_tablet=\u00bb\u00bb button_text_size_phone=\u00bb12px\u00bb button_text_size_last_edited=\u00bbon|phone\u00bb button_letter_spacing_hover=\u00bb2px\u00bb locked=\u00bboff\u00bb global_colors_info=\u00bb{}\u00bb button_text_size__hover_enabled=\u00bboff\u00bb button_one_text_size__hover_enabled=\u00bboff\u00bb button_two_text_size__hover_enabled=\u00bboff\u00bb button_text_color__hover_enabled=\u00bboff\u00bb button_one_text_color__hover_enabled=\u00bboff\u00bb button_two_text_color__hover_enabled=\u00bboff\u00bb button_border_width__hover_enabled=\u00bboff\u00bb button_one_border_width__hover_enabled=\u00bboff\u00bb button_two_border_width__hover_enabled=\u00bboff\u00bb button_border_color__hover_enabled=\u00bboff\u00bb button_one_border_color__hover_enabled=\u00bboff\u00bb button_two_border_color__hover_enabled=\u00bboff\u00bb button_border_radius__hover_enabled=\u00bboff\u00bb button_one_border_radius__hover_enabled=\u00bboff\u00bb button_two_border_radius__hover_enabled=\u00bboff\u00bb button_letter_spacing__hover_enabled=\u00bbon|hover\u00bb button_letter_spacing__hover=\u00bb0px\u00bb button_one_letter_spacing__hover_enabled=\u00bboff\u00bb button_two_letter_spacing__hover_enabled=\u00bboff\u00bb button_bg_color__hover_enabled=\u00bbon|hover\u00bb button_one_bg_color__hover_enabled=\u00bboff\u00bb button_two_bg_color__hover_enabled=\u00bboff\u00bb button_bg_color__hover=\u00bb#2e987d\u00bb][\/et_pb_button][\/et_pb_column][\/et_pb_row][et_pb_row _builder_version=\u00bb4.27.4&#8243; _module_preset=\u00bbdefault\u00bb global_colors_info=\u00bb{}\u00bb][et_pb_column type=\u00bb4_4&#8243; _builder_version=\u00bb4.27.4&#8243; _module_preset=\u00bbdefault\u00bb global_colors_info=\u00bb{}\u00bb][et_pb_text _builder_version=\u00bb4.27.4&#8243; _module_preset=\u00bbdefault\u00bb header_2_font=\u00bbPoppins|600|||||||\u00bb header_2_text_color=\u00bb#005450&#8243; header_2_font_size=\u00bb45px\u00bb header_2_line_height=\u00bb1.2em\u00bb text_orientation=\u00bbcenter\u00bb custom_margin=\u00bb5px||||false|false\u00bb custom_padding=\u00bb|||0px||\u00bb header_2_font_size_tablet=\u00bb30px\u00bb header_2_font_size_phone=\u00bb20px\u00bb header_2_font_size_last_edited=\u00bbon|phone\u00bb locked=\u00bboff\u00bb global_colors_info=\u00bb{}\u00bb]<\/p>\n<h2 style=\"text-align: center;\">Galer\u00eda de im\u00e1genes<\/h2>\n<p>[\/et_pb_text][\/et_pb_column][\/et_pb_row][et_pb_row column_structure=\u00bb1_2,1_2&#8243; _builder_version=\u00bb4.27.4&#8243; _module_preset=\u00bbdefault\u00bb global_colors_info=\u00bb{}\u00bb][et_pb_column type=\u00bb1_2&#8243; _builder_version=\u00bb4.27.4&#8243; _module_preset=\u00bbdefault\u00bb global_colors_info=\u00bb{}\u00bb][et_pb_gallery gallery_ids=\u00bb5035,5020,5037,5041,5043,5045&#8243; fullwidth=\u00bbon\u00bb _builder_version=\u00bb4.27.4&#8243; _module_preset=\u00bbdefault\u00bb global_colors_info=\u00bb{}\u00bb][\/et_pb_gallery][\/et_pb_column][et_pb_column type=\u00bb1_2&#8243; _builder_version=\u00bb4.27.4&#8243; _module_preset=\u00bbdefault\u00bb global_colors_info=\u00bb{}\u00bb][et_pb_image src=\u00bbhttps:\/\/benavet.com\/wp-content\/uploads\/2025\/04\/IMG_0723_resultat.webp\u00bb title_text=\u00bbIMG_0723_resultat\u00bb _builder_version=\u00bb4.27.4&#8243; _module_preset=\u00bbdefault\u00bb global_colors_info=\u00bb{}\u00bb][\/et_pb_image][et_pb_image src=\u00bbhttps:\/\/benavet.com\/wp-content\/uploads\/2025\/04\/IMG_0737_resultat.webp\u00bb title_text=\u00bbIMG_0737_resultat\u00bb _builder_version=\u00bb4.27.4&#8243; _module_preset=\u00bbdefault\u00bb global_colors_info=\u00bb{}\u00bb][\/et_pb_image][\/et_pb_column][\/et_pb_row][\/et_pb_section]<\/p>\n","protected":false},"excerpt":{"rendered":"<p>Pisos de apoyo al tratamiento &nbsp; Viviendas ideadas para la correcta recuperaci\u00f3n de los pacientesPisos de apoyo al tratamientoLos pisos de apoyo al tratamiento son pisos en los que los pacientes en proceso de recuperaci\u00f3n de una adicci\u00f3n puedan vivir en un entorno favorable en el camino de su tratamiento. En los pisos, un tutor [&hellip;]<\/p>\n","protected":false},"author":3,"featured_media":5008,"parent":0,"menu_order":0,"comment_status":"closed","ping_status":"closed","template":"","meta":{"_et_pb_use_builder":"on","_et_pb_old_content":"","_et_gb_content_width":"","_joinchat":[],"footnotes":""},"class_list":["post-5003","page","type-page","status-publish","has-post-thumbnail","hentry"],"_links":{"self":[{"href":"https:\/\/benavet.com\/es\/wp-json\/wp\/v2\/pages\/5003","targetHints":{"allow":["GET"]}}],"collection":[{"href":"https:\/\/benavet.com\/es\/wp-json\/wp\/v2\/pages"}],"about":[{"href":"https:\/\/benavet.com\/es\/wp-json\/wp\/v2\/types\/page"}],"author":[{"embeddable":true,"href":"https:\/\/benavet.com\/es\/wp-json\/wp\/v2\/users\/3"}],"replies":[{"embeddable":true,"href":"https:\/\/benavet.com\/es\/wp-json\/wp\/v2\/comments?post=5003"}],"version-history":[{"count":9,"href":"https:\/\/benavet.com\/es\/wp-json\/wp\/v2\/pages\/5003\/revisions"}],"predecessor-version":[{"id":5101,"href":"https:\/\/benavet.com\/es\/wp-json\/wp\/v2\/pages\/5003\/revisions\/5101"}],"wp:featuredmedia":[{"embeddable":true,"href":"https:\/\/benavet.com\/es\/wp-json\/wp\/v2\/media\/5008"}],"wp:attachment":[{"href":"https:\/\/benavet.com\/es\/wp-json\/wp\/v2\/media?parent=5003"}],"curies":[{"name":"wp","href":"https:\/\/api.w.org\/{rel}","templated":true}]}}