{"id":4155,"date":"2024-09-09T07:26:39","date_gmt":"2024-09-09T07:26:39","guid":{"rendered":"https:\/\/benavet.com\/?page_id=4155"},"modified":"2025-05-26T06:25:38","modified_gmt":"2025-05-26T06:25:38","slug":"equipo-salud-mental","status":"publish","type":"page","link":"https:\/\/benavet.com\/es\/salud-mental\/equipo-salud-mental\/","title":{"rendered":"Equipo salud mental"},"content":{"rendered":"<p>[et_pb_section fb_built=\u00bb1&#8243; custom_padding_last_edited=\u00bbon|tablet\u00bb admin_label=\u00bbHeader\u00bb _builder_version=\u00bb4.16&#8243; _module_preset=\u00bbdefault\u00bb background_image=\u00bbhttps:\/\/benavet.com\/wp-content\/uploads\/2023\/02\/family-doctor-008.png\u00bb custom_padding=\u00bb200px|||100px||\u00bb custom_padding_tablet=\u00bb50px|||0px|false|false\u00bb custom_padding_phone=\u00bb\u00bb global_colors_info=\u00bb{}\u00bb][et_pb_row column_structure=\u00bb1_2,1_2&#8243; custom_padding_last_edited=\u00bbon|phone\u00bb _builder_version=\u00bb4.16&#8243; _module_preset=\u00bbdefault\u00bb background_color=\u00bb#ffe8dd\u00bb overflow-x=\u00bbvisible\u00bb overflow-y=\u00bbvisible\u00bb custom_padding=\u00bb80px|80px|80px||true|false\u00bb custom_padding_tablet=\u00bb40px|40px|40px|40px|true|true\u00bb custom_padding_phone=\u00bb20px|20px|20px|20px|true|true\u00bb border_radii=\u00bboff|130px||130px|\u00bb border_radii_tablet=\u00bboff|60px||60px|\u00bb border_radii_phone=\u00bboff|30px||30px|\u00bb border_radii_last_edited=\u00bbon|phone\u00bb global_colors_info=\u00bb{}\u00bb][et_pb_column type=\u00bb1_2&#8243; _builder_version=\u00bb4.16&#8243; _module_preset=\u00bbdefault\u00bb global_colors_info=\u00bb{}\u00bb][et_pb_text _builder_version=\u00bb4.27.4&#8243; _module_preset=\u00bbdefault\u00bb header_font=\u00bbPoppins|600|||||||\u00bb header_text_color=\u00bb#005450&#8243; header_font_size=\u00bb80px\u00bb header_line_height=\u00bb1.2em\u00bb custom_margin=\u00bb|||-100px||\u00bb custom_margin_tablet=\u00bb|||0px|false|false\u00bb custom_margin_phone=\u00bb\u00bb custom_margin_last_edited=\u00bbon|tablet\u00bb header_font_size_tablet=\u00bb40px\u00bb header_font_size_phone=\u00bb24px\u00bb header_font_size_last_edited=\u00bbon|phone\u00bb global_colors_info=\u00bb{}\u00bb]<\/p>\n<h1>Nuestro Equipo de Salud Mental<\/h1>\n<p>[\/et_pb_text][et_pb_button button_url=\u00bb\/contacto\/\u00bb button_text=\u00bbContactar\u00bb _builder_version=\u00bb4.20.0&#8243; _module_preset=\u00bbdefault\u00bb custom_button=\u00bbon\u00bb button_text_size=\u00bb14px\u00bb button_bg_color=\u00bb#2e987d\u00bb button_border_width=\u00bb0px\u00bb button_border_radius=\u00bb100px\u00bb button_letter_spacing=\u00bb2px\u00bb button_font=\u00bbWork Sans|||on|||||\u00bb background_layout=\u00bbdark\u00bb custom_margin=\u00bb|||-100px||\u00bb custom_margin_tablet=\u00bb|||0px|false|false\u00bb custom_margin_phone=\u00bb\u00bb custom_margin_last_edited=\u00bbon|phone\u00bb custom_padding=\u00bb18px|40px|18px|40px|true|true\u00bb custom_padding_tablet=\u00bb15px||15px||true|true\u00bb custom_padding_phone=\u00bb12px|22px|12px|22px|true|true\u00bb custom_padding_last_edited=\u00bbon|phone\u00bb button_text_size_tablet=\u00bb\u00bb button_text_size_phone=\u00bb12px\u00bb button_text_size_last_edited=\u00bbon|phone\u00bb global_colors_info=\u00bb{}\u00bb button_bg_color__hover_enabled=\u00bbon|hover\u00bb button_bg_color__hover=\u00bb#005450&#8243; button_bg_enable_color__hover=\u00bbon\u00bb][\/et_pb_button][\/et_pb_column][et_pb_column type=\u00bb1_2&#8243; _builder_version=\u00bb4.16&#8243; _module_preset=\u00bbdefault\u00bb global_colors_info=\u00bb{}\u00bb][et_pb_image src=\u00bbhttps:\/\/benavet.com\/wp-content\/uploads\/2023\/12\/BEN-Web-renovades-02.webp\u00bb alt=\u00bbpsicologia benavet\u00bb title_text=\u00bbpsicologia benavet\u00bb _builder_version=\u00bb4.21.0&#8243; _module_preset=\u00bbdefault\u00bb custom_margin=\u00bb-179px|||||\u00bb custom_margin_tablet=\u00bb0px||||false|false\u00bb custom_margin_phone=\u00bb\u00bb custom_margin_last_edited=\u00bbon|phone\u00bb animation_style=\u00bbflip\u00bb animation_direction=\u00bbtop\u00bb animation_duration=\u00bb500ms\u00bb animation_intensity_flip=\u00bb10%\u00bb animation_intensity_flip_tablet=\u00bb0%\u00bb animation_intensity_flip_phone=\u00bb\u00bb animation_intensity_flip_last_edited=\u00bbon|tablet\u00bb border_radii=\u00bboff|100px||100px|\u00bb border_radii_tablet=\u00bboff|50px||50px|\u00bb border_radii_phone=\u00bboff|20px||20px|\u00bb border_radii_last_edited=\u00bbon|phone\u00bb box_shadow_style=\u00bbpreset2&#8243; box_shadow_horizontal=\u00bb80px\u00bb box_shadow_vertical=\u00bb80px\u00bb box_shadow_blur=\u00bb130px\u00bb box_shadow_color=\u00bbrgba(66,66,66,0.4)\u00bb box_shadow_horizontal_tablet=\u00bb20px\u00bb box_shadow_horizontal_phone=\u00bb10px\u00bb box_shadow_horizontal_last_edited=\u00bboff|desktop\u00bb box_shadow_vertical_tablet=\u00bb20px\u00bb box_shadow_vertical_phone=\u00bb10px\u00bb box_shadow_vertical_last_edited=\u00bboff|desktop\u00bb box_shadow_blur_tablet=\u00bb30px\u00bb box_shadow_blur_phone=\u00bb30px\u00bb box_shadow_blur_last_edited=\u00bboff|desktop\u00bb global_colors_info=\u00bb{}\u00bb][\/et_pb_image][\/et_pb_column][\/et_pb_row][\/et_pb_section][et_pb_section fb_built=\u00bb1&#8243; _builder_version=\u00bb4.20.0&#8243; _module_preset=\u00bbdefault\u00bb global_colors_info=\u00bb{}\u00bb][et_pb_row column_structure=\u00bb1_2,1_2&#8243; _builder_version=\u00bb4.20.0&#8243; _module_preset=\u00bbdefault\u00bb global_colors_info=\u00bb{}\u00bb][et_pb_column type=\u00bb1_2&#8243; _builder_version=\u00bb4.20.0&#8243; _module_preset=\u00bbdefault\u00bb global_colors_info=\u00bb{}\u00bb][et_pb_blurb title=\u00bbN\u00faria C\u00f3nsola\u00bb image=\u00bbhttps:\/\/benavet.com\/wp-content\/uploads\/2023\/12\/BEN-Web-renovades-03.webp\u00bb alt=\u00bbnuria consola psicobenavet\u00bb _builder_version=\u00bb4.21.0&#8243; _module_preset=\u00bbdefault\u00bb header_font=\u00bbWork Sans||||||||\u00bb header_font_size=\u00bb16px\u00bb body_font=\u00bbWork Sans||||||||\u00bb body_text_align=\u00bbcenter\u00bb body_line_height=\u00bb1.1em\u00bb text_orientation=\u00bbcenter\u00bb custom_margin=\u00bb||19px|||\u00bb border_radii_image=\u00bbon|100px|100px|100px|100px\u00bb global_colors_info=\u00bb{}\u00bb]<\/p>\n<p style=\"text-align: center;\">Especialista en terapia de parejas<\/p>\n<p>[\/et_pb_blurb][et_pb_toggle title=\u00bbFormaci\u00f3n de N\u00faria\u00bb open_toggle_background_color=\u00bbrgba(252,189,126,0.75)\u00bb closed_toggle_background_color=\u00bbrgba(252,189,126,0.75)\u00bb icon_color=\u00bb#FFFFFF\u00bb _builder_version=\u00bb4.20.0&#8243; _module_preset=\u00bbdefault\u00bb global_colors_info=\u00bb{}\u00bb]<\/p>\n<p class=\"btmspace-10\" style=\"text-align: left;\" align=\"center\">Graduada en Psicolog\u00eda per la Universitat Oberta de Catalunya<\/p>\n<p class=\"btmspace-10\" style=\"text-align: left;\" align=\"center\">M\u00e1ster en Terapia Sexual y de Pareja por la Fundaci\u00f3n Sexpol de Madrid<\/p>\n<p class=\"btmspace-10\" style=\"text-align: left;\" align=\"center\">\n<p>[\/et_pb_toggle][\/et_pb_column][et_pb_column type=\u00bb1_2&#8243; _builder_version=\u00bb4.20.0&#8243; _module_preset=\u00bbdefault\u00bb global_colors_info=\u00bb{}\u00bb][et_pb_blurb title=\u00bbIv\u00e1n Gonz\u00e1lez\u00bb image=\u00bbhttps:\/\/benavet.com\/wp-content\/uploads\/2023\/12\/BEN-Web-renovades-01.webp\u00bb alt=\u00bbIvan gonzalez benavet\u00bb _builder_version=\u00bb4.21.0&#8243; _module_preset=\u00bbdefault\u00bb header_font=\u00bbWork Sans||||||||\u00bb header_font_size=\u00bb16px\u00bb body_font=\u00bbWork Sans||||||||\u00bb body_text_align=\u00bbcenter\u00bb body_line_height=\u00bb1.1em\u00bb text_orientation=\u00bbcenter\u00bb custom_margin=\u00bb||19px|||\u00bb border_radii_image=\u00bbon|100px|100px|100px|100px\u00bb global_colors_info=\u00bb{}\u00bb]<\/p>\n<p style=\"text-align: center;\">Psic\u00f3logo infantojuvenil<\/p>\n<p>[\/et_pb_blurb][et_pb_toggle title=\u00bbFormaci\u00f3n de Iv\u00e1n\u00bb open_toggle_background_color=\u00bbrgba(252,189,126,0.75)\u00bb closed_toggle_background_color=\u00bbrgba(252,189,126,0.75)\u00bb icon_color=\u00bb#FFFFFF\u00bb _builder_version=\u00bb4.20.0&#8243; _module_preset=\u00bbdefault\u00bb global_colors_info=\u00bb{}\u00bb]<\/p>\n<p>Psicoterapeuta con experiencia personal y profesional de 10 a\u00f1os.<\/p>\n<p>Graduado en Psicolog\u00eda por la Universitat Oberta de Catalunya.<\/p>\n<p>[\/et_pb_toggle][\/et_pb_column][\/et_pb_row][et_pb_row column_structure=\u00bb1_3,1_3,1_3&#8243; _builder_version=\u00bb4.20.0&#8243; _module_preset=\u00bbdefault\u00bb global_colors_info=\u00bb{}\u00bb][et_pb_column type=\u00bb1_3&#8243; _builder_version=\u00bb4.20.0&#8243; _module_preset=\u00bbdefault\u00bb global_colors_info=\u00bb{}\u00bb][et_pb_blurb title=\u00bbCristina Albadalejo\u00bb image=\u00bbhttps:\/\/benavet.com\/wp-content\/uploads\/2023\/03\/Cristina_Albadalejo.webp\u00bb alt=\u00bbCristina_Albadalejo\u00bb _builder_version=\u00bb4.20.0&#8243; _module_preset=\u00bbdefault\u00bb header_font=\u00bbWork Sans||||||||\u00bb header_font_size=\u00bb16px\u00bb body_font=\u00bbWork Sans||||||||\u00bb body_text_align=\u00bbcenter\u00bb body_line_height=\u00bb1.1em\u00bb text_orientation=\u00bbcenter\u00bb custom_margin=\u00bb||19px|||\u00bb border_radii_image=\u00bbon|100px|100px|100px|100px\u00bb global_colors_info=\u00bb{}\u00bb]<\/p>\n<p style=\"text-align: center;\">Psic\u00f3loga especializada en yoga y mindfulness<\/p>\n<p>[\/et_pb_blurb][et_pb_toggle title=\u00bbFormaci\u00f3n de Cristina\u00bb open_toggle_background_color=\u00bbrgba(252,189,126,0.75)\u00bb closed_toggle_background_color=\u00bbrgba(252,189,126,0.75)\u00bb icon_color=\u00bb#FFFFFF\u00bb _builder_version=\u00bb4.20.0&#8243; _module_preset=\u00bbdefault\u00bb global_colors_info=\u00bb{}\u00bb]<\/p>\n<p>Psicopedagoga especializada en Psicolog\u00eda cl\u00ednica<\/p>\n<p>Post Grado en Psicopatolog\u00eda<\/p>\n<p>Coach de h\u00e1bitos saludables<\/p>\n<p>Profesora y Gu\u00eda de Meditaci\u00f3n del Programa MET<\/p>\n<p>Formadora, T\u00e9cnica y profesora de Yoga y Meditaci\u00f3n, Especializada en t\u00e9cnicas de Relajaci\u00f3n y control de estr\u00e9s<\/p>\n<p>Coach de Salut , Coach de equipos, Practittioner de PNL<\/p>\n<p>Terapeuta Gestalt, Profesora de Yoga infantil y embarazo, Meditaci\u00f3n Infantil.<\/p>\n<p>Comprometida con la autorrealizaci\u00f3n, el bienestar, la Superaci\u00f3n de uno mismo, el Yoga, el trabajo en equipo y el cultivo de la Salud de forma \u00edntegra.<\/p>\n<p>Emprendedora, con m\u00e1s de 20 a\u00f1os de experiencia en empresa, en cargos de responsabilidad y direcci\u00f3n en empresas, como en la propia que naci\u00f3 hace 13 a\u00f1os, y con m\u00e1s de 23 a\u00f1os de trabajo en consulta privada.<\/p>\n<p>[\/et_pb_toggle][et_pb_blurb title=\u00bbDavid Jim\u00e9nez\u00bb image=\u00bbhttps:\/\/benavet.com\/wp-content\/uploads\/2024\/06\/BEN-Junio-4.webp\u00bb alt=\u00bbCristina_Albadalejo\u00bb _builder_version=\u00bb4.24.0&#8243; _module_preset=\u00bbdefault\u00bb header_font=\u00bbWork Sans||||||||\u00bb header_font_size=\u00bb16px\u00bb body_font=\u00bbWork Sans||||||||\u00bb body_text_align=\u00bbcenter\u00bb body_line_height=\u00bb1.1em\u00bb text_orientation=\u00bbcenter\u00bb custom_margin=\u00bb||19px|||\u00bb border_radii_image=\u00bbon|100px|100px|100px|100px\u00bb global_colors_info=\u00bb{}\u00bb]<\/p>\n<p data-pm-slice=\"1 1 []\">Psic\u00f3logo General Sanitario<\/p>\n<p>[\/et_pb_blurb][et_pb_toggle title=\u00bbFormaci\u00f3n de David\u00bb open_toggle_background_color=\u00bbrgba(252,189,126,0.75)\u00bb closed_toggle_background_color=\u00bbrgba(252,189,126,0.75)\u00bb icon_color=\u00bb#FFFFFF\u00bb _builder_version=\u00bb4.24.0&#8243; _module_preset=\u00bbdefault\u00bb global_colors_info=\u00bb{}\u00bb]<\/p>\n<p data-pm-slice=\"1 1 []\">Graduado en psicolog\u00eda por la Universidad Rovira i Virgili<\/p>\n<p>Master Universitario en psicologia Infanto-juvenil por la Universitat Oberta de Catalunya<\/p>\n<p>Master Universitario en Psicolog\u00eda General Sanitaria por la Universistat Rovira i Virgili<\/p>\n<p>[\/et_pb_toggle][\/et_pb_column][et_pb_column type=\u00bb1_3&#8243; _builder_version=\u00bb4.20.0&#8243; _module_preset=\u00bbdefault\u00bb global_colors_info=\u00bb{}\u00bb][et_pb_blurb title=\u00bbTania Garriga\u00bb image=\u00bbhttps:\/\/benavet.com\/wp-content\/uploads\/2024\/09\/BEN-Web-renovades-10.webp\u00bb alt=\u00bbtania psicologa benavet\u00bb _builder_version=\u00bb4.21.0&#8243; _module_preset=\u00bbdefault\u00bb header_font=\u00bbWork Sans||||||||\u00bb header_font_size=\u00bb16px\u00bb body_font=\u00bbWork Sans||||||||\u00bb body_text_align=\u00bbcenter\u00bb body_line_height=\u00bb1.1em\u00bb text_orientation=\u00bbcenter\u00bb custom_margin=\u00bb||19px|||\u00bb border_radii_image=\u00bbon|100px|100px|100px|100px\u00bb global_colors_info=\u00bb{}\u00bb]<\/p>\n<p style=\"text-align: center;\">Psic\u00f3loga especializada en atenci\u00f3n precoz<\/p>\n<p>[\/et_pb_blurb][et_pb_toggle title=\u00bbFormaci\u00f3n de Tania\u00bb open_toggle_background_color=\u00bbrgba(252,189,126,0.75)\u00bb closed_toggle_background_color=\u00bbrgba(252,189,126,0.75)\u00bb icon_color=\u00bb#FFFFFF\u00bb _builder_version=\u00bb4.21.0&#8243; _module_preset=\u00bbdefault\u00bb global_colors_info=\u00bb{}\u00bb]<\/p>\n<p data-pm-slice=\"1 1 []\">Grado en Psicolog\u00eda por la Universidad Rovira i Virgili<\/p>\n<p>M\u00e1ster en Atenci\u00f3n precoz por la Universidad de Barcelona<\/p>\n<p>Formaci\u00f3n como Gu\u00eda de Meditaci\u00f3n, Relajaci\u00f3n y Mindfulness del programa MET<\/p>\n<p>Formaci\u00f3n como profesora de Yoga y especificaci\u00f3n en DEEP Yoga en Espai Hol\u00edstic<\/p>\n<p>Especificaci\u00f3n como profesora de Yin Yoga en Mandiran Barcelona<\/p>\n<p>Formaci\u00f3n en Choaching y PNL por el Institut Catal\u00e0 de PNL y Espai Hol\u00edstic<\/p>\n<p>[\/et_pb_toggle][et_pb_blurb title=\u00bbCarmen Torrella\u00bb image=\u00bbhttps:\/\/benavet.com\/wp-content\/uploads\/2024\/06\/BEN-Junio-3.webp\u00bb alt=\u00bbCristina_Albadalejo\u00bb _builder_version=\u00bb4.24.0&#8243; _module_preset=\u00bbdefault\u00bb header_font=\u00bbWork Sans||||||||\u00bb header_font_size=\u00bb16px\u00bb body_font=\u00bbWork Sans||||||||\u00bb body_text_align=\u00bbcenter\u00bb body_line_height=\u00bb1.1em\u00bb text_orientation=\u00bbcenter\u00bb custom_margin=\u00bb||19px|||\u00bb border_radii_image=\u00bbon|100px|100px|100px|100px\u00bb global_colors_info=\u00bb{}\u00bb]<\/p>\n<p data-pm-slice=\"1 1 []\" style=\"text-align: center;\">Terapeuta Especialista en Codependencia<\/p>\n<p>[\/et_pb_blurb][et_pb_toggle title=\u00bbFormaci\u00f3n de Carmen\u00bb open_toggle_background_color=\u00bbrgba(252,189,126,0.75)\u00bb closed_toggle_background_color=\u00bbrgba(252,189,126,0.75)\u00bb icon_color=\u00bb#FFFFFF\u00bb _builder_version=\u00bb4.24.0&#8243; _module_preset=\u00bbdefault\u00bb global_colors_info=\u00bb{}\u00bb]<\/p>\n<p data-pm-slice=\"1 1 []\">Psicoterapia Humanista Transpersonal (M\u00e9todo Antoni Blay)<\/p>\n<p>Ludoformaci\u00f3n (Escuela Gestalt)<\/p>\n<p>Gesti\u00f3n emocional y sist\u00e9mica (Sensum Systemic)<\/p>\n<p>Coaching y PNL (CEPTA)<\/p>\n<p>Certificado de profesionalidad de docencia a la FPO (nivel III)<\/p>\n<p>Formaci\u00f3n de formadores (Consorcio de Formaci\u00f3n Continua de Catalunya)<\/p>\n<p data-pm-slice=\"1 1 []\">Facilitadora t\u00e9cnica TRE\u00ae (liberaci\u00f3n de estr\u00e9s, tensi\u00f3n y trauma)<\/p>\n<p>[\/et_pb_toggle][\/et_pb_column][et_pb_column type=\u00bb1_3&#8243; _builder_version=\u00bb4.20.0&#8243; _module_preset=\u00bbdefault\u00bb global_colors_info=\u00bb{}\u00bb][et_pb_blurb title=\u00bbMamen Garc\u00eda \u00bb image=\u00bbhttps:\/\/benavet.com\/wp-content\/uploads\/2024\/09\/BENAVET_revelades_Feb-4.webp\u00bb alt=\u00bbBenavet salud mental mamen garcia\u00bb _builder_version=\u00bb4.21.0&#8243; _module_preset=\u00bbdefault\u00bb header_font=\u00bbWork Sans||||||||\u00bb header_font_size=\u00bb16px\u00bb body_font=\u00bbWork Sans||||||||\u00bb body_text_align=\u00bbcenter\u00bb body_line_height=\u00bb1.1em\u00bb text_orientation=\u00bbcenter\u00bb custom_margin=\u00bb||19px|||\u00bb border_radii_image=\u00bbon|100px|100px|100px|100px\u00bb global_colors_info=\u00bb{}\u00bb]<\/p>\n<p style=\"text-align: center;\">Psic\u00f3loga especializada en infantojuvenil<\/p>\n<p>[\/et_pb_blurb][et_pb_toggle title=\u00bbFormaci\u00f3n de Mamen\u00bb open_toggle_background_color=\u00bbrgba(252,189,126,0.75)\u00bb closed_toggle_background_color=\u00bbrgba(252,189,126,0.75)\u00bb icon_color=\u00bb#FFFFFF\u00bb _builder_version=\u00bb4.20.0&#8243; _module_preset=\u00bbdefault\u00bb global_colors_info=\u00bb{}\u00bb]<\/p>\n<p>Colaboraci\u00f3n en Dpto. de Personalidad, Evaluaci\u00f3n y Tratamientos Psicol\u00f3gicos. Universidad de Valencia Investigaci\u00f3n sobre la preparaci\u00f3n psicol\u00f3gica a la Cirug\u00eda pedi\u00e1trica.<\/p>\n<p>Responsable de inserci\u00f3n laboral y t\u00e9cnico de RRHH.<\/p>\n<p>Psic\u00f3loga referente Unidad de adolescentes y adultos con doble Patolog\u00eda<\/p>\n<p>Psic\u00f3loga Referente Unidad de menores con Discapacidad Intelectual y Trastorno Mental Severo.<\/p>\n<p>Psic\u00f3loga Referente Unidad de adolescentes y adultos con Discapacidad Intelectual y Trastorno Mental Severo<\/p>\n<p>Actividades rehabilitadoras para personas con trastorno mentales severos <br \/>Curso de Discapacidad y Trastornos de conducta.<\/p>\n<p>Actualizaci\u00f3n en intervenciones psicosociales de aplicaci\u00f3n grupal en TEA<\/p>\n<p>Congreso estatal sobre alteraciones de conducta y autismo. De la experiencia a la evidencia.<\/p>\n<p>Valoraci\u00f3n psicol\u00f3gica pericial forense en casos de afectados por el S\u00edndrome de Asperger y TEA<\/p>\n<p>Alteraciones sensoriales en los trastornos del espectro autista: Evaluaci\u00f3n e Intervenci\u00f3n.<\/p>\n<p>La optimizaci\u00f3n de la comunicaci\u00f3n total para la discapacidad mediante el uso de nuevas tecnolog\u00edas en el \u00e1mbito de la educaci\u00f3n, sanidad e interpretaci\u00f3n .<\/p>\n<p>Congreso estatal sobre alteraciones de conducta.<\/p>\n<p>[\/et_pb_toggle][et_pb_blurb title=\u00bbMarcelle\u00bb image=\u00bbhttps:\/\/benavet.com\/wp-content\/uploads\/2025\/02\/BEN-Febrer-2_resultat-e1740574661390.webp\u00bb alt=\u00bbBenavet salud mental mamen garcia\u00bb _builder_version=\u00bb4.27.4&#8243; _module_preset=\u00bbdefault\u00bb header_font=\u00bbWork Sans||||||||\u00bb header_font_size=\u00bb16px\u00bb body_font=\u00bbWork Sans||||||||\u00bb body_text_align=\u00bbcenter\u00bb body_line_height=\u00bb1.1em\u00bb text_orientation=\u00bbcenter\u00bb custom_margin=\u00bb||19px|||\u00bb hover_enabled=\u00bb0&#8243; border_radii_image=\u00bbon|100px|100px|100px|100px\u00bb global_colors_info=\u00bb{}\u00bb sticky_enabled=\u00bb0&#8243;]<\/p>\n<p style=\"text-align: center;\">Psic\u00f3loga<\/p>\n<p>[\/et_pb_blurb][et_pb_toggle title=\u00bbFormaci\u00f3n de Mamen\u00bb open_toggle_background_color=\u00bbrgba(252,189,126,0.75)\u00bb closed_toggle_background_color=\u00bbrgba(252,189,126,0.75)\u00bb icon_color=\u00bb#FFFFFF\u00bb _builder_version=\u00bb4.20.0&#8243; _module_preset=\u00bbdefault\u00bb global_colors_info=\u00bb{}\u00bb disabled_on=\u00bbon|on|on\u00bb disabled=\u00bbon\u00bb]<\/p>\n<p>Colaboraci\u00f3n en Dpto. de Personalidad, Evaluaci\u00f3n y Tratamientos Psicol\u00f3gicos. Universidad de Valencia Investigaci\u00f3n sobre la preparaci\u00f3n psicol\u00f3gica a la Cirug\u00eda pedi\u00e1trica.<\/p>\n<p>Responsable de inserci\u00f3n laboral y t\u00e9cnico de RRHH.<\/p>\n<p>Psic\u00f3loga referente Unidad de adolescentes y adultos con doble Patolog\u00eda<\/p>\n<p>Psic\u00f3loga Referente Unidad de menores con Discapacidad Intelectual y Trastorno Mental Severo.<\/p>\n<p>Psic\u00f3loga Referente Unidad de adolescentes y adultos con Discapacidad Intelectual y Trastorno Mental Severo<\/p>\n<p>Actividades rehabilitadoras para personas con trastorno mentales severos <br \/>Curso de Discapacidad y Trastornos de conducta.<\/p>\n<p>Actualizaci\u00f3n en intervenciones psicosociales de aplicaci\u00f3n grupal en TEA<\/p>\n<p>Congreso estatal sobre alteraciones de conducta y autismo. De la experiencia a la evidencia.<\/p>\n<p>Valoraci\u00f3n psicol\u00f3gica pericial forense en casos de afectados por el S\u00edndrome de Asperger y TEA<\/p>\n<p>Alteraciones sensoriales en los trastornos del espectro autista: Evaluaci\u00f3n e Intervenci\u00f3n.<\/p>\n<p>La optimizaci\u00f3n de la comunicaci\u00f3n total para la discapacidad mediante el uso de nuevas tecnolog\u00edas en el \u00e1mbito de la educaci\u00f3n, sanidad e interpretaci\u00f3n .<\/p>\n<p>Congreso estatal sobre alteraciones de conducta.<\/p>\n<p>[\/et_pb_toggle][\/et_pb_column][\/et_pb_row][\/et_pb_section]<\/p>\n","protected":false},"excerpt":{"rendered":"<p>Nuestro Equipo de Salud MentalEspecialista en terapia de parejasGraduada en Psicolog\u00eda per la Universitat Oberta de Catalunya M\u00e1ster en Terapia Sexual y de Pareja por la Fundaci\u00f3n Sexpol de Madrid Psic\u00f3logo infantojuvenilPsicoterapeuta con experiencia personal y profesional de 10 a\u00f1os. Graduado en Psicolog\u00eda por la Universitat Oberta de Catalunya.Psic\u00f3loga especializada en yoga y mindfulnessPsicopedagoga especializada [&hellip;]<\/p>\n","protected":false},"author":10,"featured_media":0,"parent":4043,"menu_order":0,"comment_status":"closed","ping_status":"closed","template":"","meta":{"_et_pb_use_builder":"on","_et_pb_old_content":"","_et_gb_content_width":"","_joinchat":[],"footnotes":""},"class_list":["post-4155","page","type-page","status-publish","hentry"],"_links":{"self":[{"href":"https:\/\/benavet.com\/es\/wp-json\/wp\/v2\/pages\/4155","targetHints":{"allow":["GET"]}}],"collection":[{"href":"https:\/\/benavet.com\/es\/wp-json\/wp\/v2\/pages"}],"about":[{"href":"https:\/\/benavet.com\/es\/wp-json\/wp\/v2\/types\/page"}],"author":[{"embeddable":true,"href":"https:\/\/benavet.com\/es\/wp-json\/wp\/v2\/users\/10"}],"replies":[{"embeddable":true,"href":"https:\/\/benavet.com\/es\/wp-json\/wp\/v2\/comments?post=4155"}],"version-history":[{"count":14,"href":"https:\/\/benavet.com\/es\/wp-json\/wp\/v2\/pages\/4155\/revisions"}],"predecessor-version":[{"id":5092,"href":"https:\/\/benavet.com\/es\/wp-json\/wp\/v2\/pages\/4155\/revisions\/5092"}],"up":[{"embeddable":true,"href":"https:\/\/benavet.com\/es\/wp-json\/wp\/v2\/pages\/4043"}],"wp:attachment":[{"href":"https:\/\/benavet.com\/es\/wp-json\/wp\/v2\/media?parent=4155"}],"curies":[{"name":"wp","href":"https:\/\/api.w.org\/{rel}","templated":true}]}}