{"id":4115,"date":"2024-09-09T06:58:44","date_gmt":"2024-09-09T06:58:44","guid":{"rendered":"https:\/\/benavet.com\/?page_id=4115"},"modified":"2025-08-11T07:04:49","modified_gmt":"2025-08-11T07:04:49","slug":"integracion-sensorial","status":"publish","type":"page","link":"https:\/\/benavet.com\/es\/psicologia-infantil\/integracion-sensorial\/","title":{"rendered":"Integraci\u00f3n sensorial"},"content":{"rendered":"<p>[et_pb_section fb_built=\u00bb1&#8243; custom_padding_last_edited=\u00bbon|phone\u00bb admin_label=\u00bbHeader\u00bb _builder_version=\u00bb4.16&#8243; _module_preset=\u00bbdefault\u00bb background_image=\u00bbhttps:\/\/benavet.com\/wp-content\/uploads\/2023\/01\/family-doctor-041.png\u00bb custom_padding=\u00bb100px||||false|false\u00bb custom_padding_tablet=\u00bb50px||||false|false\u00bb custom_padding_phone=\u00bb30px||||false|false\u00bb global_colors_info=\u00bb{}\u00bb][et_pb_row column_structure=\u00bb3_5,2_5&#8243; use_custom_gutter=\u00bbon\u00bb gutter_width=\u00bb1&#8243; _builder_version=\u00bb4.16&#8243; _module_preset=\u00bbdefault\u00bb custom_padding=\u00bb||0px|||\u00bb global_colors_info=\u00bb{}\u00bb][et_pb_column type=\u00bb3_5&#8243; _builder_version=\u00bb4.16&#8243; _module_preset=\u00bbdefault\u00bb custom_padding=\u00bb100px|30px||30px|false|true\u00bb custom_padding_tablet=\u00bb60px|0px|20px|0px|false|true\u00bb custom_padding_phone=\u00bb30px||20px||false|false\u00bb custom_padding_last_edited=\u00bbon|phone\u00bb global_colors_info=\u00bb{}\u00bb][et_pb_text _builder_version=\u00bb4.20.0&#8243; _module_preset=\u00bbdefault\u00bb header_font=\u00bbPoppins|700|||||||\u00bb header_text_color=\u00bb#005450&#8243; header_font_size=\u00bb72px\u00bb header_line_height=\u00bb1.2em\u00bb header_font_size_tablet=\u00bb72px\u00bb header_font_size_phone=\u00bb44px\u00bb header_font_size_last_edited=\u00bbon|desktop\u00bb locked=\u00bboff\u00bb global_colors_info=\u00bb{}\u00bb]<\/p>\n<h1>Integraci\u00f3n sensorial en Tarragona<\/h1>\n<p>[\/et_pb_text][et_pb_button button_url=\u00bb\/contacto\u00bb button_text=\u00bbContactar\u00bb _builder_version=\u00bb4.27.0&#8243; _module_preset=\u00bbdefault\u00bb custom_button=\u00bbon\u00bb button_text_size=\u00bb14px\u00bb button_text_color=\u00bb#FFFFFF\u00bb button_bg_color=\u00bb#005450&#8243; button_border_width=\u00bb0px\u00bb button_border_radius=\u00bb100px\u00bb button_letter_spacing=\u00bb2px\u00bb button_font=\u00bbWork Sans|||on|||||\u00bb background_layout=\u00bbdark\u00bb custom_padding=\u00bb18px|40px|18px|40px|false|false\u00bb global_colors_info=\u00bb{}\u00bb button_bg_color__hover_enabled=\u00bbon|desktop\u00bb button_bg_color__hover=\u00bb#005450&#8243;][\/et_pb_button][\/et_pb_column][et_pb_column type=\u00bb2_5&#8243; _builder_version=\u00bb4.16&#8243; _module_preset=\u00bbdefault\u00bb global_colors_info=\u00bb{}\u00bb][et_pb_image src=\u00bbhttps:\/\/benavet.com\/wp-content\/uploads\/2024\/09\/BENAVET_revelades_Feb-35.webp\u00bb alt=\u00bbbenavet psicolog\u00eda infantil terapia sensorial para ni\u00f1os\u00bb title_text=\u00bbbenavet psicolog\u00eda infantil terapia sensorial para ni\u00f1os\u00bb _builder_version=\u00bb4.21.0&#8243; _module_preset=\u00bbdefault\u00bb animation_style=\u00bbflip\u00bb animation_direction=\u00bbtop\u00bb animation_duration=\u00bb500ms\u00bb animation_intensity_flip=\u00bb10%\u00bb animation_intensity_flip_tablet=\u00bb0%\u00bb animation_intensity_flip_phone=\u00bb\u00bb animation_intensity_flip_last_edited=\u00bbon|tablet\u00bb border_radii=\u00bboff|100px||100px|\u00bb border_radii_tablet=\u00bboff|50px||50px|\u00bb border_radii_phone=\u00bboff|20px||20px|\u00bb border_radii_last_edited=\u00bbon|phone\u00bb box_shadow_style=\u00bbpreset2&#8243; box_shadow_horizontal=\u00bb80px\u00bb box_shadow_vertical=\u00bb80px\u00bb box_shadow_blur=\u00bb130px\u00bb box_shadow_color=\u00bbrgba(0,66,65,0.05)\u00bb box_shadow_horizontal_tablet=\u00bb20px\u00bb box_shadow_horizontal_phone=\u00bb10px\u00bb box_shadow_horizontal_last_edited=\u00bbon|phone\u00bb box_shadow_vertical_tablet=\u00bb20px\u00bb box_shadow_vertical_phone=\u00bb10px\u00bb box_shadow_vertical_last_edited=\u00bbon|phone\u00bb box_shadow_blur_tablet=\u00bb30px\u00bb box_shadow_blur_phone=\u00bb30px\u00bb box_shadow_blur_last_edited=\u00bbon|tablet\u00bb locked=\u00bboff\u00bb global_colors_info=\u00bb{}\u00bb][\/et_pb_image][\/et_pb_column][\/et_pb_row][\/et_pb_section][et_pb_section fb_built=\u00bb1&#8243; admin_label=\u00bbResources\u00bb _builder_version=\u00bb4.16&#8243; _module_preset=\u00bbdefault\u00bb global_colors_info=\u00bb{}\u00bb][et_pb_row _builder_version=\u00bb4.27.4&#8243; _module_preset=\u00bbdefault\u00bb global_colors_info=\u00bb{}\u00bb global_module=\u00bb5154&#8243;][et_pb_column type=\u00bb4_4&#8243; _builder_version=\u00bb4.27.4&#8243; _module_preset=\u00bbdefault\u00bb global_colors_info=\u00bb{}\u00bb][et_pb_image src=\u00bbhttps:\/\/benavet.com\/wp-content\/uploads\/2025\/08\/Logo_secundario_doctoralia-scaled.webp\u00bb alt=\u00bbLogo Doctoralia\u00bb align=\u00bbcenter\u00bb _builder_version=\u00bb4.27.4&#8243; _module_preset=\u00bbdefault\u00bb width=\u00bb30%\u00bb global_colors_info=\u00bb{}\u00bb][\/et_pb_image][et_pb_code _builder_version=\u00bb4.27.4&#8243; _module_preset=\u00bbdefault\u00bb text_orientation=\u00bbcenter\u00bb global_colors_info=\u00bb{}\u00bb]<a class=\"zl-facility-url\" href=\"https:\/\/www.doctoralia.es\/clinicas\/centre-benavet\" rel=\"nofollow noopener\" data-zlw-facility=\"centre-benavet\" data-zlw-type=\"facility-button\" data-zlw-saas-only=\"false\" data-zlw-a11y-title=\"Widget de reserva de citas m\u00e9dicas\" target=\"_blank\">Centre Benavet<\/a><script>!function($_x,_s,id){var js,fjs=$_x.getElementsByTagName(_s)[0];if(!$_x.getElementById(id)){js = $_x.createElement(_s);js.id = id;js.src = \"\/\/platform.docplanner.com\/js\/widget.js\";fjs.parentNode.insertBefore(js,fjs);}}(document,\"script\",\"zl-widget-s\");<\/script>[\/et_pb_code][\/et_pb_column][\/et_pb_row][et_pb_row _builder_version=\u00bb4.21.0&#8243; _module_preset=\u00bbdefault\u00bb background_enable_color=\u00bboff\u00bb background_image=\u00bbhttps:\/\/benavet.com\/wp-content\/uploads\/2024\/09\/BENAVET_revelades_Feb-32.webp\u00bb custom_margin=\u00bb||30px||false|false\u00bb background_last_edited=\u00bbon|phone\u00bb use_background_color_gradient_tablet=\u00bbon\u00bb background_color_gradient_stops_tablet=\u00bbrgba(255,255,255,0.6) 0%|rgba(255,255,255,0.5) 100%\u00bb background_color_gradient_overlays_image_tablet=\u00bbon\u00bb background_color_gradient_start_tablet=\u00bbrgba(255,255,255,0.6)\u00bb background_color_gradient_end_tablet=\u00bbrgba(255,255,255,0.5)\u00bb border_radii=\u00bboff|130px||130px|\u00bb border_radii_tablet=\u00bboff|60px||60px|\u00bb border_radii_phone=\u00bboff|30px||30px|\u00bb border_radii_last_edited=\u00bbon|phone\u00bb locked=\u00bboff\u00bb global_colors_info=\u00bb{}\u00bb][et_pb_column type=\u00bb4_4&#8243; _builder_version=\u00bb4.16&#8243; _module_preset=\u00bbdefault\u00bb custom_padding=\u00bb100px|50%|100px|100px|true|false\u00bb custom_padding_tablet=\u00bb40px|30%|40px|40px|true|false\u00bb custom_padding_phone=\u00bb20px|20%|20px|20px|true|false\u00bb custom_padding_last_edited=\u00bbon|phone\u00bb global_colors_info=\u00bb{}\u00bb][et_pb_text _builder_version=\u00bb4.21.0&#8243; _module_preset=\u00bbdefault\u00bb text_font=\u00bbWork Sans||||||||\u00bb text_text_color=\u00bb#FFFFFF\u00bb text_font_size=\u00bb16px\u00bb text_line_height=\u00bb1.8em\u00bb header_2_font=\u00bbPoppins|600|||||||\u00bb header_2_text_color=\u00bb#FFFFFF\u00bb header_2_font_size=\u00bb45px\u00bb header_2_line_height=\u00bb1.4em\u00bb header_4_font=\u00bb|700|||||||\u00bb header_4_text_color=\u00bb#FFFFFF\u00bb header_4_font_size=\u00bb16px\u00bb header_4_line_height=\u00bb1.4em\u00bb text_font_size_tablet=\u00bb\u00bb text_font_size_phone=\u00bb14px\u00bb text_font_size_last_edited=\u00bbon|phone\u00bb header_2_font_size_tablet=\u00bb32px\u00bb header_2_font_size_phone=\u00bb18px\u00bb header_2_font_size_last_edited=\u00bbon|desktop\u00bb locked=\u00bboff\u00bb global_colors_info=\u00bb{}\u00bb]<\/p>\n<h2>El porqu\u00e9 de nuestra sala sensorial<\/h2>\n<h3><span style=\"color: #ffffff;\">Conoce nuestra sala de Integraci\u00f3n Sensorial en Tarragona<\/span><\/h3>\n<p>[\/et_pb_text][\/et_pb_column][\/et_pb_row][et_pb_row column_structure=\u00bb1_2,1_2&#8243; _builder_version=\u00bb4.21.0&#8243; _module_preset=\u00bbdefault\u00bb global_colors_info=\u00bb{}\u00bb][et_pb_column type=\u00bb1_2&#8243; _builder_version=\u00bb4.21.0&#8243; _module_preset=\u00bbdefault\u00bb global_colors_info=\u00bb{}\u00bb][et_pb_text _builder_version=\u00bb4.21.0&#8243; _module_preset=\u00bbdefault\u00bb text_font_size=\u00bb16px\u00bb global_colors_info=\u00bb{}\u00bb]<\/p>\n<p style=\"text-align: justify;\">En Integraci\u00f3n Sensorial se trabajan los sentidos de una manera espec\u00edfica, creando una atm\u00f3sfera adecuada para conseguir diferentes <b>objetivos<\/b>: <b>relajaci\u00f3n<\/b>, <b>activaci\u00f3n<\/b>, o simplemente <b>disfrutar<\/b>.<\/p>\n<p>[\/et_pb_text][et_pb_text _builder_version=\u00bb4.21.0&#8243; _module_preset=\u00bbdefault\u00bb text_font_size=\u00bb16px\u00bb locked=\u00bboff\u00bb global_colors_info=\u00bb{}\u00bb]<\/p>\n<p style=\"text-align: justify;\">Nos centramos en la <strong>integraci\u00f3n de los est\u00edmulos sensoriales<\/strong> que les rodean. Para ello, intentamos introducirnos dentro de su mismo mundo sensorial en nuestra sala sensorial. Les ofrecemos est\u00edmulos por los diferentes canales sensoriales a <strong>nivel auditivo, t\u00e1ctil, visual o propioceptivo<\/strong>.<\/p>\n<p style=\"text-align: justify;\">Todas nuestras sesiones est\u00e1n estructurades espacial y temporalmente con el objetivo final de <strong>conseguir un bienestar<\/strong> que ayuda a reducir todas las alteraciones que puedan presentar.<\/p>\n<p>[\/et_pb_text][\/et_pb_column][et_pb_column type=\u00bb1_2&#8243; _builder_version=\u00bb4.21.0&#8243; _module_preset=\u00bbdefault\u00bb global_colors_info=\u00bb{}\u00bb][et_pb_image src=\u00bbhttps:\/\/benavet.com\/wp-content\/uploads\/2024\/09\/BENAVET_revelades_Feb-28_11zon.webp\u00bb alt=\u00bbintegraci\u00f3n sensorial\u00bb title_text=\u00bbintegraci\u00f3n sensorial\u00bb _builder_version=\u00bb4.21.0&#8243; _module_preset=\u00bbdefault\u00bb animation_style=\u00bbflip\u00bb animation_direction=\u00bbtop\u00bb animation_duration=\u00bb500ms\u00bb animation_intensity_flip=\u00bb10%\u00bb animation_intensity_flip_tablet=\u00bb0%\u00bb animation_intensity_flip_phone=\u00bb\u00bb animation_intensity_flip_last_edited=\u00bbon|tablet\u00bb border_radii=\u00bboff|100px||100px|\u00bb border_radii_tablet=\u00bboff|50px||50px|\u00bb border_radii_phone=\u00bboff|20px||20px|\u00bb border_radii_last_edited=\u00bbon|phone\u00bb box_shadow_style=\u00bbpreset2&#8243; box_shadow_horizontal=\u00bb80px\u00bb box_shadow_vertical=\u00bb80px\u00bb box_shadow_blur=\u00bb130px\u00bb box_shadow_color=\u00bbrgba(0,66,65,0.05)\u00bb box_shadow_horizontal_tablet=\u00bb20px\u00bb box_shadow_horizontal_phone=\u00bb10px\u00bb box_shadow_horizontal_last_edited=\u00bbon|phone\u00bb box_shadow_vertical_tablet=\u00bb20px\u00bb box_shadow_vertical_phone=\u00bb10px\u00bb box_shadow_vertical_last_edited=\u00bbon|phone\u00bb box_shadow_blur_tablet=\u00bb30px\u00bb box_shadow_blur_phone=\u00bb30px\u00bb box_shadow_blur_last_edited=\u00bbon|tablet\u00bb locked=\u00bboff\u00bb global_colors_info=\u00bb{}\u00bb][\/et_pb_image][\/et_pb_column][\/et_pb_row][et_pb_row column_structure=\u00bb1_2,1_2&#8243; _builder_version=\u00bb4.16&#8243; _module_preset=\u00bbdefault\u00bb global_colors_info=\u00bb{}\u00bb][et_pb_column type=\u00bb1_2&#8243; _builder_version=\u00bb4.16&#8243; _module_preset=\u00bbdefault\u00bb global_colors_info=\u00bb{}\u00bb][et_pb_image src=\u00bbhttps:\/\/benavet.com\/wp-content\/uploads\/2024\/09\/BENAVET_revelades_Feb-20_11zon.webp\u00bb alt=\u00bbintegraci\u00f3n sensorial\u00bb title_text=\u00bbintegraci\u00f3n sensorial\u00bb _builder_version=\u00bb4.21.0&#8243; _module_preset=\u00bbdefault\u00bb animation_style=\u00bbflip\u00bb animation_direction=\u00bbtop\u00bb animation_duration=\u00bb500ms\u00bb animation_intensity_flip=\u00bb10%\u00bb animation_intensity_flip_tablet=\u00bb0%\u00bb animation_intensity_flip_phone=\u00bb\u00bb animation_intensity_flip_last_edited=\u00bbon|tablet\u00bb border_radii=\u00bboff|100px||100px|\u00bb border_radii_tablet=\u00bboff|50px||50px|\u00bb border_radii_phone=\u00bboff|20px||20px|\u00bb border_radii_last_edited=\u00bbon|phone\u00bb box_shadow_style=\u00bbpreset2&#8243; box_shadow_horizontal=\u00bb80px\u00bb box_shadow_vertical=\u00bb80px\u00bb box_shadow_blur=\u00bb130px\u00bb box_shadow_color=\u00bbrgba(0,66,65,0.05)\u00bb box_shadow_horizontal_tablet=\u00bb20px\u00bb box_shadow_horizontal_phone=\u00bb10px\u00bb box_shadow_horizontal_last_edited=\u00bbon|phone\u00bb box_shadow_vertical_tablet=\u00bb20px\u00bb box_shadow_vertical_phone=\u00bb10px\u00bb box_shadow_vertical_last_edited=\u00bbon|phone\u00bb box_shadow_blur_tablet=\u00bb30px\u00bb box_shadow_blur_phone=\u00bb30px\u00bb box_shadow_blur_last_edited=\u00bbon|tablet\u00bb locked=\u00bboff\u00bb global_colors_info=\u00bb{}\u00bb][\/et_pb_image][et_pb_image src=\u00bbhttps:\/\/benavet.com\/wp-content\/uploads\/2024\/09\/BENAVET_revelades_Feb-45_11zon.webp\u00bb alt=\u00bbintegraci\u00f3n sensorial\u00bb title_text=\u00bbBenavet\u00bb _builder_version=\u00bb4.21.0&#8243; _module_preset=\u00bbdefault\u00bb animation_style=\u00bbflip\u00bb animation_direction=\u00bbtop\u00bb animation_duration=\u00bb500ms\u00bb animation_intensity_flip=\u00bb10%\u00bb animation_intensity_flip_tablet=\u00bb0%\u00bb animation_intensity_flip_phone=\u00bb\u00bb animation_intensity_flip_last_edited=\u00bbon|tablet\u00bb border_radii=\u00bboff|100px||100px|\u00bb border_radii_tablet=\u00bboff|50px||50px|\u00bb border_radii_phone=\u00bboff|20px||20px|\u00bb border_radii_last_edited=\u00bbon|phone\u00bb box_shadow_style=\u00bbpreset2&#8243; box_shadow_horizontal=\u00bb80px\u00bb box_shadow_vertical=\u00bb80px\u00bb box_shadow_blur=\u00bb130px\u00bb box_shadow_color=\u00bbrgba(0,66,65,0.05)\u00bb box_shadow_horizontal_tablet=\u00bb20px\u00bb box_shadow_horizontal_phone=\u00bb10px\u00bb box_shadow_horizontal_last_edited=\u00bbon|phone\u00bb box_shadow_vertical_tablet=\u00bb20px\u00bb box_shadow_vertical_phone=\u00bb10px\u00bb box_shadow_vertical_last_edited=\u00bbon|phone\u00bb box_shadow_blur_tablet=\u00bb30px\u00bb box_shadow_blur_phone=\u00bb30px\u00bb box_shadow_blur_last_edited=\u00bbon|tablet\u00bb locked=\u00bboff\u00bb global_colors_info=\u00bb{}\u00bb][\/et_pb_image][et_pb_image src=\u00bbhttps:\/\/benavet.com\/wp-content\/uploads\/2024\/09\/BENAVET_revelades_Feb-19_11zon.webp\u00bb alt=\u00bbintegraci\u00f3n sensorial\u00bb title_text=\u00bbBenavet\u00bb _builder_version=\u00bb4.21.0&#8243; _module_preset=\u00bbdefault\u00bb animation_style=\u00bbflip\u00bb animation_direction=\u00bbtop\u00bb animation_duration=\u00bb500ms\u00bb animation_intensity_flip=\u00bb10%\u00bb animation_intensity_flip_tablet=\u00bb0%\u00bb animation_intensity_flip_phone=\u00bb\u00bb animation_intensity_flip_last_edited=\u00bbon|tablet\u00bb border_radii=\u00bboff|100px||100px|\u00bb border_radii_tablet=\u00bboff|50px||50px|\u00bb border_radii_phone=\u00bboff|20px||20px|\u00bb border_radii_last_edited=\u00bbon|phone\u00bb box_shadow_style=\u00bbpreset2&#8243; box_shadow_horizontal=\u00bb80px\u00bb box_shadow_vertical=\u00bb80px\u00bb box_shadow_blur=\u00bb130px\u00bb box_shadow_color=\u00bbrgba(0,66,65,0.05)\u00bb box_shadow_horizontal_tablet=\u00bb20px\u00bb box_shadow_horizontal_phone=\u00bb10px\u00bb box_shadow_horizontal_last_edited=\u00bbon|phone\u00bb box_shadow_vertical_tablet=\u00bb20px\u00bb box_shadow_vertical_phone=\u00bb10px\u00bb box_shadow_vertical_last_edited=\u00bbon|phone\u00bb box_shadow_blur_tablet=\u00bb30px\u00bb box_shadow_blur_phone=\u00bb30px\u00bb box_shadow_blur_last_edited=\u00bbon|tablet\u00bb locked=\u00bboff\u00bb global_colors_info=\u00bb{}\u00bb][\/et_pb_image][\/et_pb_column][et_pb_column type=\u00bb1_2&#8243; _builder_version=\u00bb4.16&#8243; _module_preset=\u00bbdefault\u00bb global_colors_info=\u00bb{}\u00bb][et_pb_text _builder_version=\u00bb4.27.4&#8243; _module_preset=\u00bbdefault\u00bb text_font_size=\u00bb16px\u00bb global_colors_info=\u00bb{}\u00bb]<\/p>\n<p data-start=\"0\" data-end=\"261\">Nuestra <strong data-start=\"8\" data-end=\"26\">sala sensorial<\/strong> ofrece una variedad de est\u00edmulos que ayudan a las personas a explorar y experimentar diferentes sensaciones de manera controlada. Este espacio se ha dise\u00f1ado para facilitar la respuesta consciente a los est\u00edmulos en un entorno seguro.<\/p>\n<p data-start=\"263\" data-end=\"571\">Apostamos por esta sala debido a los beneficios que genera en personas con trastornos del desarrollo, discapacidades sensoriales o del espectro autista. Estos grupos se benefician de la interacci\u00f3n con est\u00edmulos ajustados a sus necesidades, favoreciendo la comunicaci\u00f3n, habilidades cognitivas y emocionales.<\/p>\n<p data-start=\"573\" data-end=\"793\">Sin embargo, la <strong data-start=\"589\" data-end=\"607\">sala sensorial<\/strong> tambi\u00e9n es \u00fatil para cualquier persona que quiera disfrutar de una experiencia sensorial en un entorno seguro. Es un lugar ideal para relajarse o explorar est\u00edmulos de forma controlada.<\/p>\n<p data-start=\"795\" data-end=\"1019\" data-is-last-node=\"\" data-is-only-node=\"\">En la <strong data-start=\"801\" data-end=\"813\">infancia<\/strong>, esta sala permite un trabajo terap\u00e9utico m\u00e1s cercano y eficaz. Los ni\u00f1os logran mejores resultados en menos tiempo comparado con otros espacios, mejorando su atenci\u00f3n, coordinaci\u00f3n y regulaci\u00f3n emocional.<\/p>\n<p>[\/et_pb_text][et_pb_image src=\u00bbhttps:\/\/benavet.com\/wp-content\/uploads\/2024\/09\/BENAVET_revelades_Feb-18_11zon.webp\u00bb alt=\u00bbintegraci\u00f3n sensorial\u00bb title_text=\u00bbBenavet\u00bb _builder_version=\u00bb4.21.0&#8243; _module_preset=\u00bbdefault\u00bb animation_style=\u00bbflip\u00bb animation_direction=\u00bbtop\u00bb animation_duration=\u00bb500ms\u00bb animation_intensity_flip=\u00bb10%\u00bb animation_intensity_flip_tablet=\u00bb0%\u00bb animation_intensity_flip_phone=\u00bb\u00bb animation_intensity_flip_last_edited=\u00bbon|tablet\u00bb border_radii=\u00bboff|100px||100px|\u00bb border_radii_tablet=\u00bboff|50px||50px|\u00bb border_radii_phone=\u00bboff|20px||20px|\u00bb border_radii_last_edited=\u00bbon|phone\u00bb box_shadow_style=\u00bbpreset2&#8243; box_shadow_horizontal=\u00bb80px\u00bb box_shadow_vertical=\u00bb80px\u00bb box_shadow_blur=\u00bb130px\u00bb box_shadow_color=\u00bbrgba(0,66,65,0.05)\u00bb box_shadow_horizontal_tablet=\u00bb20px\u00bb box_shadow_horizontal_phone=\u00bb10px\u00bb box_shadow_horizontal_last_edited=\u00bbon|phone\u00bb box_shadow_vertical_tablet=\u00bb20px\u00bb box_shadow_vertical_phone=\u00bb10px\u00bb box_shadow_vertical_last_edited=\u00bbon|phone\u00bb box_shadow_blur_tablet=\u00bb30px\u00bb box_shadow_blur_phone=\u00bb30px\u00bb box_shadow_blur_last_edited=\u00bbon|tablet\u00bb locked=\u00bboff\u00bb global_colors_info=\u00bb{}\u00bb][\/et_pb_image][et_pb_image src=\u00bbhttps:\/\/benavet.com\/wp-content\/uploads\/2024\/09\/BENAVET_revelades_Feb-39.webp\u00bb alt=\u00bbbenavet terapia sensorial\u00bb title_text=\u00bbbenavet terapia sensorial\u00bb _builder_version=\u00bb4.20.0&#8243; _module_preset=\u00bbdefault\u00bb animation_style=\u00bbflip\u00bb animation_direction=\u00bbtop\u00bb animation_duration=\u00bb500ms\u00bb animation_intensity_flip=\u00bb10%\u00bb animation_intensity_flip_tablet=\u00bb0%\u00bb animation_intensity_flip_phone=\u00bb\u00bb animation_intensity_flip_last_edited=\u00bbon|tablet\u00bb border_radii=\u00bboff|100px||100px|\u00bb border_radii_tablet=\u00bboff|50px||50px|\u00bb border_radii_phone=\u00bboff|20px||20px|\u00bb border_radii_last_edited=\u00bbon|phone\u00bb box_shadow_style=\u00bbpreset2&#8243; box_shadow_horizontal=\u00bb80px\u00bb box_shadow_vertical=\u00bb80px\u00bb box_shadow_blur=\u00bb130px\u00bb box_shadow_color=\u00bbrgba(0,66,65,0.05)\u00bb box_shadow_horizontal_tablet=\u00bb20px\u00bb box_shadow_horizontal_phone=\u00bb10px\u00bb box_shadow_horizontal_last_edited=\u00bbon|phone\u00bb box_shadow_vertical_tablet=\u00bb20px\u00bb box_shadow_vertical_phone=\u00bb10px\u00bb box_shadow_vertical_last_edited=\u00bbon|phone\u00bb box_shadow_blur_tablet=\u00bb30px\u00bb box_shadow_blur_phone=\u00bb30px\u00bb box_shadow_blur_last_edited=\u00bbon|tablet\u00bb locked=\u00bboff\u00bb global_colors_info=\u00bb{}\u00bb][\/et_pb_image][\/et_pb_column][\/et_pb_row][\/et_pb_section][et_pb_section fb_built=\u00bb1&#8243; _builder_version=\u00bb4.27.4&#8243; _module_preset=\u00bbdefault\u00bb background_color=\u00bb#fafafa\u00bb custom_padding=\u00bb||0px||false|false\u00bb global_module=\u00bb5111&#8243; saved_tabs=\u00bball\u00bb global_colors_info=\u00bb{}\u00bb][et_pb_row _builder_version=\u00bb4.27.4&#8243; _module_preset=\u00bbdefault\u00bb global_colors_info=\u00bb{}\u00bb][et_pb_column type=\u00bb4_4&#8243; _builder_version=\u00bb4.27.4&#8243; _module_preset=\u00bbdefault\u00bb global_colors_info=\u00bb{}\u00bb][et_pb_image src=\u00bbhttps:\/\/benavet.com\/wp-content\/uploads\/2025\/08\/Logo_secundario_doctoralia-scaled.webp\u00bb alt=\u00bbLogo Doctoralia\u00bb align=\u00bbcenter\u00bb _builder_version=\u00bb4.27.4&#8243; _module_preset=\u00bbdefault\u00bb width=\u00bb30%\u00bb width_tablet=\u00bb\u00bb width_phone=\u00bb\u00bb width_last_edited=\u00bbon|phone\u00bb global_colors_info=\u00bb{}\u00bb][\/et_pb_image][et_pb_code _builder_version=\u00bb4.27.4&#8243; _module_preset=\u00bbdefault\u00bb text_orientation=\u00bbcenter\u00bb global_colors_info=\u00bb{}\u00bb]<a href=\"https:\/\/www.doctoralia.es\/clinicas\/centre-benavet\" data-zl-widget-facility=\"centre-benavet\" rel=\"nofollow noopener\" data-placement=\"inline\" data-zlw-type=\"facility-calendar\" target=\"_blank\">Centre Benavet<\/a><script id=\"zl-facility-widget\" src=\"https:\/\/www.doctoralia.es\/platform\/js\/widget.js\"><\/script>[\/et_pb_code][\/et_pb_column][\/et_pb_row][\/et_pb_section]<\/p>\n","protected":false},"excerpt":{"rendered":"<p>Integraci\u00f3n sensorial en TarragonaEl porqu\u00e9 de nuestra sala sensorial Conoce nuestra sala de Integraci\u00f3n Sensorial en TarragonaEn Integraci\u00f3n Sensorial se trabajan los sentidos de una manera espec\u00edfica, creando una atm\u00f3sfera adecuada para conseguir diferentes objetivos: relajaci\u00f3n, activaci\u00f3n, o simplemente disfrutar.Nos centramos en la integraci\u00f3n de los est\u00edmulos sensoriales que les rodean. Para ello, intentamos introducirnos [&hellip;]<\/p>\n","protected":false},"author":10,"featured_media":0,"parent":4060,"menu_order":0,"comment_status":"closed","ping_status":"closed","template":"","meta":{"_et_pb_use_builder":"on","_et_pb_old_content":"","_et_gb_content_width":"","_joinchat":[],"footnotes":""},"class_list":["post-4115","page","type-page","status-publish","hentry"],"_links":{"self":[{"href":"https:\/\/benavet.com\/es\/wp-json\/wp\/v2\/pages\/4115","targetHints":{"allow":["GET"]}}],"collection":[{"href":"https:\/\/benavet.com\/es\/wp-json\/wp\/v2\/pages"}],"about":[{"href":"https:\/\/benavet.com\/es\/wp-json\/wp\/v2\/types\/page"}],"author":[{"embeddable":true,"href":"https:\/\/benavet.com\/es\/wp-json\/wp\/v2\/users\/10"}],"replies":[{"embeddable":true,"href":"https:\/\/benavet.com\/es\/wp-json\/wp\/v2\/comments?post=4115"}],"version-history":[{"count":13,"href":"https:\/\/benavet.com\/es\/wp-json\/wp\/v2\/pages\/4115\/revisions"}],"predecessor-version":[{"id":5165,"href":"https:\/\/benavet.com\/es\/wp-json\/wp\/v2\/pages\/4115\/revisions\/5165"}],"up":[{"embeddable":true,"href":"https:\/\/benavet.com\/es\/wp-json\/wp\/v2\/pages\/4060"}],"wp:attachment":[{"href":"https:\/\/benavet.com\/es\/wp-json\/wp\/v2\/media?parent=4115"}],"curies":[{"name":"wp","href":"https:\/\/api.w.org\/{rel}","templated":true}]}}