{"id":3827,"date":"2024-05-10T20:40:28","date_gmt":"2024-05-10T20:40:28","guid":{"rendered":"https:\/\/benavet.com\/aviso-legal-imprint\/"},"modified":"2025-03-12T11:19:35","modified_gmt":"2025-03-12T11:19:35","slug":"aviso-legal-imprint","status":"publish","type":"page","link":"https:\/\/benavet.com\/es\/aviso-legal-imprint\/","title":{"rendered":"Aviso Legal \/ Imprint"},"content":{"rendered":"<p>[et_pb_section fb_built=\u00bb1&#8243; custom_padding_last_edited=\u00bbon|tablet\u00bb next_background_color=\u00bb#ffffff\u00bb admin_label=\u00bbHero\u00bb _builder_version=\u00bb4.16&#8243; use_background_color_gradient=\u00bbon\u00bb background_color_gradient_stops=\u00bbrgba(1,130,0,0.57) 50%|rgba(1,130,0,0.55) 100%\u00bb background_color_gradient_overlays_image=\u00bbon\u00bb background_color_gradient_start=\u00bbrgba(1,130,0,0.57)\u00bb background_color_gradient_start_position=\u00bb50%\u00bb background_color_gradient_end=\u00bbrgba(1,130,0,0.55)\u00bb background_enable_image=\u00bboff\u00bb min_height=\u00bb328px\u00bb max_height=\u00bb447px\u00bb custom_margin=\u00bb||||false\u00bb custom_padding=\u00bb7vw||4vw||false|false\u00bb custom_padding_tablet=\u00bb||50px|\u00bb custom_padding_phone=\u00bb\u00bb bottom_divider_style=\u00bbcurve\u00bb bottom_divider_height=\u00bb2.5vw\u00bb global_colors_info=\u00bb{}\u00bb locked=\u00bboff\u00bb][et_pb_row _builder_version=\u00bb4.16&#8243; animation_style=\u00bbfade\u00bb global_colors_info=\u00bb{}\u00bb][et_pb_column type=\u00bb4_4&#8243; _builder_version=\u00bb4.16&#8243; custom_padding=\u00bb|||\u00bb global_colors_info=\u00bb{}\u00bb custom_padding__hover=\u00bb|||\u00bb][et_pb_text _builder_version=\u00bb4.27.4&#8243; text_font=\u00bbQuicksand||||||||\u00bb text_text_color=\u00bb#ffffff\u00bb text_font_size=\u00bb18px\u00bb text_line_height=\u00bb2em\u00bb header_font=\u00bbQuicksand|500|||||||\u00bb header_font_size=\u00bb50px\u00bb header_line_height=\u00bb1.4em\u00bb background_color=\u00bbrgba(0,0,0,0)\u00bb text_orientation=\u00bbcenter\u00bb background_layout=\u00bbdark\u00bb max_width=\u00bb700px\u00bb module_alignment=\u00bbcenter\u00bb hover_enabled=\u00bb0&#8243; header_font_size_tablet=\u00bb40px\u00bb header_font_size_phone=\u00bb32px\u00bb header_font_size_last_edited=\u00bbon|desktop\u00bb border_color_all=\u00bbrgba(0,0,0,0)\u00bb global_colors_info=\u00bb{}\u00bb sticky_enabled=\u00bb0&#8243;]<\/p>\n<h1>Aviso legal<\/h1>\n<p>[\/et_pb_text][\/et_pb_column][\/et_pb_row][\/et_pb_section][et_pb_section fb_built=\u00bb1&#8243; disabled_on=\u00bboff|off|off\u00bb _builder_version=\u00bb4.27.0&#8243; _module_preset=\u00bbdefault\u00bb global_colors_info=\u00bb{}\u00bb][et_pb_row _builder_version=\u00bb4.16&#8243; _module_preset=\u00bbdefault\u00bb hover_enabled=\u00bb0&#8243; global_colors_info=\u00bb{}\u00bb locked=\u00bboff\u00bb sticky_enabled=\u00bb0&#8243; disabled_on=\u00bboff|off|off\u00bb][et_pb_column type=\u00bb4_4&#8243; _builder_version=\u00bb4.16&#8243; _module_preset=\u00bbdefault\u00bb global_colors_info=\u00bb{}\u00bb][et_pb_text _builder_version=\u00bb4.27.4&#8243; _module_preset=\u00bbdefault\u00bb hover_enabled=\u00bb0&#8243; global_colors_info=\u00bb{}\u00bb sticky_enabled=\u00bb0&#8243; disabled_on=\u00bboff|off|off\u00bb]<\/p>\n<h4><span>AVISO LEGAL, POLITICA DE PRIVACIDAD Y PROTECCION DE DATO<\/span><\/h4>\n<h5><strong>Aviso legal<\/strong><\/h5>\n<p><span>En cumplimiento del art\u00edculo 10 de la Ley 34\/2002, de 12 de Octubre, de Servicios de la Sociedad de la Informaci\u00f3n y de E-commerce Centre Psicologic Benavet, S.L. pone a disposici\u00f3n de los usuarios de este sitio web la siguiente informaci\u00f3n:<\/span><\/p>\n<p><span>El sitio web www.benavet.com, es propiedad de Centro Psicologic Benavet, S.L., con domicilio social en Avda. Pa\u00edses Catalanes, 11, C.P. 43007, de Tarragona.<\/span><\/p>\n<p><span>Usted puede contactarnos a trav\u00e9s de los siguientes medios de comunicaci\u00f3n:<\/span><\/p>\n<ul>\n<li><span>Telefoneo: (+34) 611 40 85 86<\/span><br \/><span>Correo electr\u00f3nico: info@benavet.com<\/span><\/li>\n<\/ul>\n<p>&nbsp;<\/p>\n<h5><strong>OBJETO:<\/strong><\/h5>\n<p><span>La presente p\u00e1gina Web ha sido dise\u00f1ada para dar a conocer los servicios ofrecidos por la entidad, as\u00ed como para la recepci\u00f3n de posibles clientes.<\/span><\/p>\n<p>&nbsp;<\/p>\n<h5><span>PROPIEDAD INTELECTUAL E INDUSTRIAL:<\/span><\/h5>\n<p><span>Los derechos de propiedad intelectual de la p\u00e1gina www.benavet.com, su c\u00f3digo fuente, dise\u00f1o, estructuras de navegaci\u00f3n y los diferentes elementos en ella contenidos son titularidad de Centro Psicologic Benavet, S.L., a quien corresponde el ejercicio exclusivo de los derechos de explotaci\u00f3n de los mismos en cualquier forma y, especialmente, los derechos de reproducci\u00f3n, distribuci\u00f3n, comunicaci\u00f3n p\u00fablica y transformaci\u00f3n, de acuerdo con la legislaci\u00f3n espa\u00f1ola y de la uni\u00f3n europea aplicable.<\/span><\/p>\n<p><span>El portal de Centro Psicologic Benavet, S.L., las p\u00e1ginas que comprende y la informaci\u00f3n o elementos contenidos en estas, incluyen textos, documentos, fotograf\u00edas, dibujos, representaciones gr\u00e1ficas, programas inform\u00e1ticos, as\u00ed como logotipos, marcas, nombres comerciales, u otros signos distintivos, protegidos por derechos de propiedad intelectual o industrial, de los cuales Centri Psicologic Benavet, S.L. son titulares o leg\u00edtimas licenciatarias.<\/span><\/p>\n<p>&nbsp;<\/p>\n<h5><span>CONTENIDOS:<\/span><\/h5>\n<p><span>Se facilita a trav\u00e9s de esta Web informaci\u00f3n sobre servicios destinados a conocimiento p\u00fablico que en todo caso se sujetar\u00e1n a los t\u00e9rminos y condiciones expresamente detallados en cada momento y que son accesibles desde esta p\u00e1gina Web, los cuales se sujetar\u00e1n a las diferentes disposiciones legales de aplicaci\u00f3n.<\/span><\/p>\n<p>&nbsp;<\/p>\n<h5><span>ACCESO Y USO:<\/span><\/h5>\n<p><span>Tanto el acceso en esta p\u00e1gina Web, como el uso que pueda hacerse de la informaci\u00f3n y contenidos incluidos en esta, ser\u00e1 de la exclusiva responsabilidad de quien lo realice.<\/span><\/p>\n<p><span>Las condiciones de acceso en este Web estar\u00e1n supeditadas a la legalidad vigente y los principios de la buena fe y uso l\u00edcito por parte del usuario de esta, quedando prohibido con car\u00e1cter general cualquier tipo de actuaci\u00f3n en perjuicio de Centro Psicologic Benavet, S.L..<\/span><\/p>\n<p><span>Se considerar\u00e1 terminantemente prohibido el uso de la presente p\u00e1gina Web con fines ilegales o no autorizados.<\/span><\/p>\n<p><span>Queda prohibida cualquier modalidad de explotaci\u00f3n, incluyendo todo tipo de reproducci\u00f3n, distribuci\u00f3n, cesi\u00f3n en terceros, comunicaci\u00f3n p\u00fablica y transformaci\u00f3n, mediante cualquier tipo de apoyo y medio, de las obras antes referidas, creaciones y signos distintivos sin autorizaci\u00f3n previa y expresa de sus respectivos titulares. El incumplimiento de esta prohibici\u00f3n podr\u00e1 constituir infracci\u00f3n sancionable por la legislaci\u00f3n vigente.<\/span><\/p>\n<p><span>Sin embargo, por su cuenta y riesgo, el usuario podr\u00e1 descargar o realizar copia de tales elementos exclusivamente para su uso personal, siempre que no infrinja ninguno de los derechos de propiedad intelectual o industrial de Centro Psicologic Benavet, S.L., ni los altere total o parcialmente. En ning\u00fan caso, esto significar\u00e1 una autorizaci\u00f3n o licencia sobre los derechos de propiedad de Centro Psicologic Benavet, S.L..<\/span><\/p>\n<p><span>Queda prohibido, excepto en los casos que expresamente lo autorice Centre Psicologic Benavet, S.L., presentar las p\u00e1ginas de Centro Psicologic Benavet, S.L., o la informaci\u00f3n contenida en ellas bajo frames o marcos, signos distintivos, marcas o denominaciones sociales o comerciales de otra persona, empresa o entidad.<\/span><\/p>\n<h5><strong>RESPONSABILIDAD:<\/strong><\/h5>\n<p><span>Centre Psicologic Benavet, S.L. no se hace responsable en ning\u00fan concepto por ning\u00fan tipo de mal que pudieran ocasionar los Usuarios en la presente p\u00e1gina Web, o a cualquier otra, por el uso ilegal o indebido de esta, o de los contenidos e informaciones accesibles o facilitadas a trav\u00e9s de ella.<\/span><\/p>\n<p>&nbsp;<\/p>\n<h5><strong>SERVICIO:<\/strong><\/h5>\n<p><span>Centre Psicologic Benavet, S.L. se reserva el derecho de suspender el acceso en su p\u00e1gina Web, sin previo aviso, de manera discrecional y temporal, por razones t\u00e9cnicas o de cualquier otra \u00edndole, pudiendo as\u00ed mismo modificar unilateralmente tanto las condiciones de acceso, como la totalidad o parte de los contenidos en ella incluidos.<\/span><\/p>\n<p>&nbsp;<\/p>\n<h5><strong>GENERALES:<\/strong><\/h5>\n<p><span>Para toda cuesti\u00f3n litigiosa o que incumba la P\u00e1gina Web de Centro Psicologic Benavet, S.L., ser\u00e1 aplicable la legislaci\u00f3n espa\u00f1ola, siente competentes para la resoluci\u00f3n de todos los conflictos derivados o relacionados con el uso de esta p\u00e1gina Web, los Juzgados y Tribunales del domicilio del usuario. El acceso en la p\u00e1gina Web de Centro Psicologic Benavet, S.L. implica la aceptaci\u00f3n de todas las condiciones anteriormente expresadas.<\/span><\/p>\n<p>&nbsp;<\/p>\n<h5><strong>ENLACES:<\/strong><\/h5>\n<p><span>Los enlaces contenidos en el sitio web de Centro Psicologic Benavet, S.L. pueden dirigir a p\u00e1ginas Web de terceros. Centre Psicologic Benavet, S.L. no asume ninguna responsabilidad por el contenido, informaciones o servicios que pudieran aparecer en estos lugares, que tendr\u00e1n exclusivamente car\u00e1cter informativo y que en ning\u00fan caso implican ninguna relaci\u00f3n entre Centro Psicologic Benavet, S.L. y a las personas o entidades titulares de tales contenidos o titulares de los lugares donde se encuentren.<\/span><\/p>\n<p>&nbsp;<\/p>\n<hr \/>\n<h4><span>POLITICA DE PRIVACIDAD Y PROTECCI\u00d3N DE DATOS.<\/span><\/h4>\n<p>&nbsp;<\/p>\n<h5><strong>GENERAL:<\/strong><\/h5>\n<p><span>A efectos del que se prev\u00e9 en la Ley Org\u00e1nica 15\/1999, de 13 de Diciembre, de Protecci\u00f3n de Datos de Car\u00e1cter Personal, Centre Psicologic Benavet, S.L., lo informa que cumple \u00edntegramente con la legislaci\u00f3n vigente en materia de protecci\u00f3n de datos de car\u00e1cter personal, y con los compromisos de confidencialidad propios de su actividad.<\/span><\/p>\n<p><span>Centre Psicologic Benavet, S.L., pose en su conocimiento la existencia de un ficheros automatizado de datos de car\u00e1cter personal, titularidad de Centro Psicologic Benavet, S.L., para las finalidades propias de gesti\u00f3n, comunicaci\u00f3n e informaci\u00f3n. El citado fichero se encuentra inscrito en el Registro General de la Agencia Espa\u00f1ola de Protecci\u00f3n de Datos, al cual puede acceder el usuario para comprobar la situaci\u00f3n de estos.<\/span><\/p>\n<p>&nbsp;<\/p>\n<h5><span>MEDIDAS Y NIVELES DE SEGURIDAD:<\/span><\/h5>\n<p><span>Centre Psicologic Benavet, S.L., ha adoptado las medidas necesarias para mantener el nivel de seguridad requerido, seg\u00fan la naturaleza de los datos personales tratados y las circunstancias del tratamiento, a fin de evitar, en la medida de lo posible y siempre seg\u00fan el estado de la t\u00e9cnica, su alteraci\u00f3n, p\u00e9rdida, tratamiento o acceso no autorizado.<\/span><\/p>\n<p>&nbsp;<\/p>\n<h5><span>AMBITO DE APLICACI\u00d3N:<\/span><\/h5>\n<p>L&#8217;estructura de fitxers, equips i sistemes d&#8217;informaci\u00f3 a fi de donar compliment a la legislaci\u00f3 vigent en mat\u00e8ria de protecci\u00f3 de dades, s&#8217;aplicaran a tots els fitxers, temporals o permanents, titularitat de Centre Psicologic Benavet, S.L., que continguin dades de car\u00e0cter personal, aix\u00ed com a qualsevol equip o sistema d&#8217;informaci\u00f3 que els tracti.<\/p>\n<p>Tot el personal contractat per Centre Psicologic Benavet, S.L. i els seus Encarregats de Tractament, estan obligats al compliment de la citada normativa, amb especial atenci\u00f3 quant a les seves funcions i obligacions, que seran degudament determinades per Centre Psicologic Benavet, S.L..<\/p>\n<p>&nbsp;<\/p>\n<h5><span>RECOGIDA DE DATOS:<\/span><\/h5>\n<p><span>Los derechos de acceso, rectificaci\u00f3n, cancelaci\u00f3n y oposici\u00f3n, podr\u00e1n ser ejercitados por el usuario, o quien a este represente, mediante solicitud escrita y firmada, dirigida a Centro Psicologic Benavet, S.L., Avda. Pa\u00edses Catalanes, 11 provincia de Tarragona, con C\u00f3digo Postal 43007, Espa\u00f1a. Sin embargo podr\u00e1n utilizarse otros medios que permitan reconocer la identidad del cliente que ejercite cualquier de los anteriores derechos.<\/span><\/p>\n<p>&nbsp;<\/p>\n<h5><strong>EXERCICI DE DRETS:<\/strong><\/h5>\n<p>Els drets d&#8217;acc\u00e9s, rectificaci\u00f3, cancel\u00b7laci\u00f3 i oposici\u00f3, podran ser exercitats per l&#8217;usuari, o qui a aquest representi, mitjan\u00e7ant sol\u00b7licitud escrita i signada, dirigida a Centre Psicologic Benavet, S.L., Av. Pa\u00efsos Catalans, 11 prov\u00edncia de Tarragona, amb Codi Postal 43007, Espanya. No obstant aix\u00f2 podran utilitzar-se altres mitjans que permetin recon\u00e8ixer la identitat del client que exerciti qualsevol dels anteriors drets.<\/p>\n<p>&nbsp;<\/p>\n<h5><strong>CONSENTIMIENTO:<\/strong><\/h5>\n<p><span>El usuario prestar\u00e1 su consentimiento para que Centre Psicologic Benavet, S.L. pueda hacer uso de sus datos personales a fin de prestar un correcto cumplimiento de los servicios contratados.<\/span><\/p>\n<p><span>La cumplimentaci\u00f3n del formulario incluido en el lugar o el env\u00edo de correos electr\u00f3nicos u otras comunicaciones a Centro Psicologic Benavet, S.L., implica el consentimiento expreso del cliente a la inclusi\u00f3n de sus datos de car\u00e1cter personal en el referido fichero automatizado, titularidad de Centro Psicologic Benavet, S.L..<\/span><\/p>\n<p><span>Al tiempo de la petici\u00f3n de esta informaci\u00f3n, se comunicar\u00e1 al cliente o usuario del destinatario de la informaci\u00f3n, de la finalidad para la cual se recogen los datos, de la identidad y direcci\u00f3n del Responsable del Fichero y de la facultad del usuario de ejercitar los derechos de acceso, rectificaci\u00f3n, cancelaci\u00f3n y oposici\u00f3n al tratamiento de sus datos.<\/span><\/p>\n<p>&nbsp;<\/p>\n<h5><span>CESI\u00d3N A TERCEROS:<\/span><\/h5>\n<p><span>Centre Psicologic Benavet, S.L. no cede datos de car\u00e1cter personal sin el consentimiento expreso de sus titulares, que tendr\u00e1 que ser concedido en cada ocasi\u00f3n, siente solo cedidos con la finalidad expresada y siempre con el consentimiento del usuario o cliente.<\/span><\/p>\n<p>&nbsp;<\/p>\n<h5><span>CONFIDENCIALIDAD Y SECRETO PROFESIONAL:<\/span><\/h5>\n<p><span>Los datos recogidos en todas las comunicaciones privadas entre Centro Psicologic Benavet, S.L. y los clientes o usuarios ser\u00e1n tratados con absoluta confidencialidad, comprometi\u00e9ndose Centre Psicologic Benavet, S.L. a la obligaci\u00f3n de secreto de los datos de car\u00e1cter personal, a su deber de guardarlos y adoptar todas las medidas necesarias que eviten su alteraci\u00f3n, p\u00e9rdida y tratamiento o acceso no autorizado, de acuerdo con lo establecido en el Reglamento de Medidas de Seguridad de los Ficheros Automatizados que contengan datos de car\u00e1cter personal.<\/span><\/p>\n<p><span>Adem\u00e1s, tambi\u00e9n tendr\u00e1 la condici\u00f3n de confidencial la informaci\u00f3n de cualquier tipo que las partes intercambien entre s\u00ed, aquella que estas acuerden que tiene tal naturaleza, o la que simplemente verse sobre el contenido de esta informaci\u00f3n. La visualizaci\u00f3n de datos a trav\u00e9s de Internet, no supondr\u00e1 el acceso directo a estos, excepto consentimiento expreso de su titular para cada ocasi\u00f3n.<\/span><\/p>\n<p><span>Recomendamos al cliente que no facilite a tercero alguno su identificaci\u00f3n, contrase\u00f1a o n\u00fameros de referencia que Centre Psicologic Benavet, S.L. pudiera proporcionarle. As\u00ed mismo, para garantizar que la protecci\u00f3n del secreto profesional entre Centro Psicologic Benavet, S.L. y el cliente se preserve en todas las comunicaciones, el cliente\/usuario no tiene que revelar la informaci\u00f3n confidencial a terceros.<\/span> <\/p>\n<h5><strong>USO DE COOKIES:<\/strong><\/h5>\n<p><span>Centre Psicologic Benavet, S.L. puede utilizar cookies cuando un Usuario navegue por las p\u00e1ginas web del Portal. Las cookies se asocian \u00fanicamente con el navegador de un ordenador determinado (un Usuario an\u00f3nimo), y no proporcionan por s\u00ed mismas el nombre y apellidos del Usuario. Gracias a las cookies, resulta posible que Centre Psicologic Benavet, S.L. reconozca las preferencias sobre los contenidos del Portal seleccionados en visitas anteriores por los Usuarios, para poder recordar sus preferencias sin que tengan que volver a seleccionarlas en visitas posteriores.<\/span><\/p>\n<p><span>El Usuario tiene la posibilidad de configurar su navegador para ser avisado en pantalla de la recepci\u00f3n de cookies y para impedir la instalaci\u00f3n de cookies en su disco duro.<\/span><\/p>\n<p><span>Por favor, consulte las instrucciones y manuales de su navegador para ampliar esta informaci\u00f3n. Para utilizar el Portal, no resulta necesario que el Usuario permita la instalaci\u00f3n de las cookies enviadas por Centro Psicologic Benavet, S.L., sin perjuicio que, en tal caso, sea necesario que el Usuario tenga que realizar esta selecci\u00f3n en cada ocasi\u00f3n que visite el Portal.<\/span> <\/p>\n<h5><span>CAMBIOS EN LA POL\u00cdTICA DE SEGURIDAD Y DE PROTECCI\u00d3N DE DATOS:<\/span><\/h5>\n<p><span>Centre Psicologic Benavet, S.L. se reserva el derecho de modificar su pol\u00edtica de seguridad y protecci\u00f3n de datos a fin de adaptarlo a las novedades legislativas o jurisprudenciales, as\u00ed como las que pudieran derivarse de c\u00f3digos tipos existentes en la materia, o por decisiones corporativas estrat\u00e9gicas, con efectos de la fecha de publicaci\u00f3n de esta modificaci\u00f3n.<\/span><\/p>\n<p>[\/et_pb_text][\/et_pb_column][\/et_pb_row][\/et_pb_section]<\/p>\n","protected":false},"excerpt":{"rendered":"<p>Aviso legalAVISO LEGAL, POLITICA DE PRIVACIDAD Y PROTECCION DE DATO Aviso legal En cumplimiento del art\u00edculo 10 de la Ley 34\/2002, de 12 de Octubre, de Servicios de la Sociedad de la Informaci\u00f3n y de E-commerce Centre Psicologic Benavet, S.L. pone a disposici\u00f3n de los usuarios de este sitio web la siguiente informaci\u00f3n: El sitio [&hellip;]<\/p>\n","protected":false},"author":1,"featured_media":0,"parent":0,"menu_order":0,"comment_status":"closed","ping_status":"closed","template":"","meta":{"_et_pb_use_builder":"on","_et_pb_old_content":"<!-- wp:complianz\/document {\"title\":\"Aviso Legal \/ Imprint\",\"selectedDocument\":\"impressum-all\"} \/-->","_et_gb_content_width":"","_joinchat":[],"footnotes":""},"class_list":["post-3827","page","type-page","status-publish","hentry"],"_links":{"self":[{"href":"https:\/\/benavet.com\/es\/wp-json\/wp\/v2\/pages\/3827","targetHints":{"allow":["GET"]}}],"collection":[{"href":"https:\/\/benavet.com\/es\/wp-json\/wp\/v2\/pages"}],"about":[{"href":"https:\/\/benavet.com\/es\/wp-json\/wp\/v2\/types\/page"}],"author":[{"embeddable":true,"href":"https:\/\/benavet.com\/es\/wp-json\/wp\/v2\/users\/1"}],"replies":[{"embeddable":true,"href":"https:\/\/benavet.com\/es\/wp-json\/wp\/v2\/comments?post=3827"}],"version-history":[{"count":9,"href":"https:\/\/benavet.com\/es\/wp-json\/wp\/v2\/pages\/3827\/revisions"}],"predecessor-version":[{"id":4738,"href":"https:\/\/benavet.com\/es\/wp-json\/wp\/v2\/pages\/3827\/revisions\/4738"}],"wp:attachment":[{"href":"https:\/\/benavet.com\/es\/wp-json\/wp\/v2\/media?parent=3827"}],"curies":[{"name":"wp","href":"https:\/\/api.w.org\/{rel}","templated":true}]}}