{"id":2457,"date":"2023-02-24T14:01:56","date_gmt":"2023-02-24T14:01:56","guid":{"rendered":"https:\/\/benavet.com\/?page_id=2457"},"modified":"2025-03-13T11:51:21","modified_gmt":"2025-03-13T11:51:21","slug":"tratamientos-psicologicos","status":"publish","type":"page","link":"https:\/\/benavet.com\/es\/tratamientos-psicologicos\/","title":{"rendered":"Tratamientos psicol\u00f3gicos"},"content":{"rendered":"<p>[et_pb_section fb_built=\u00bb1&#8243; specialty=\u00bbon\u00bb _builder_version=\u00bb4.19.4&#8243; _module_preset=\u00bbdefault\u00bb locked=\u00bboff\u00bb global_colors_info=\u00bb{}\u00bb][et_pb_column type=\u00bb1_3&#8243; _builder_version=\u00bb4.16&#8243; custom_padding=\u00bb|||\u00bb global_colors_info=\u00bb{}\u00bb custom_padding__hover=\u00bb|||\u00bb][et_pb_image src=\u00bbhttps:\/\/benavet.com\/wp-content\/uploads\/2023\/01\/family-doctor-027.jpg\u00bb title_text=\u00bbtratamientos psicol\u00f3gicos\u00bb _builder_version=\u00bb4.27.4&#8243; _module_preset=\u00bbdefault\u00bb animation_style=\u00bbflip\u00bb animation_direction=\u00bbtop\u00bb animation_duration=\u00bb500ms\u00bb animation_intensity_flip=\u00bb10%\u00bb sticky_position=\u00bbtop\u00bb sticky_offset_top=\u00bb100px\u00bb sticky_limit_bottom=\u00bbrow\u00bb hover_enabled=\u00bb0&#8243; animation_intensity_flip_tablet=\u00bb0%\u00bb animation_intensity_flip_phone=\u00bb\u00bb animation_intensity_flip_last_edited=\u00bbon|tablet\u00bb border_radii=\u00bboff|100px||100px|\u00bb border_radii_tablet=\u00bboff|70px||70px|\u00bb border_radii_phone=\u00bboff|50px||50px|\u00bb border_radii_last_edited=\u00bbon|phone\u00bb box_shadow_horizontal_tablet=\u00bb20px\u00bb box_shadow_horizontal_phone=\u00bb10px\u00bb box_shadow_horizontal_last_edited=\u00bbon|phone\u00bb box_shadow_vertical_tablet=\u00bb20px\u00bb box_shadow_vertical_phone=\u00bb10px\u00bb box_shadow_vertical_last_edited=\u00bbon|phone\u00bb box_shadow_blur_tablet=\u00bb30px\u00bb box_shadow_blur_phone=\u00bb30px\u00bb box_shadow_blur_last_edited=\u00bbon|tablet\u00bb locked=\u00bboff\u00bb global_colors_info=\u00bb{}\u00bb alt=\u00bbtratamientos psicol\u00f3gicos\u00bb sticky_enabled=\u00bb0&#8243;][\/et_pb_image][\/et_pb_column][et_pb_column type=\u00bb2_3&#8243; specialty_columns=\u00bb2&#8243; _builder_version=\u00bb4.16&#8243; custom_padding=\u00bb|||\u00bb global_colors_info=\u00bb{}\u00bb custom_padding__hover=\u00bb|||\u00bb][et_pb_row_inner _builder_version=\u00bb4.16&#8243; _module_preset=\u00bbdefault\u00bb global_colors_info=\u00bb{}\u00bb][et_pb_column_inner saved_specialty_column_type=\u00bb2_3&#8243; _builder_version=\u00bb4.16&#8243; _module_preset=\u00bbdefault\u00bb global_colors_info=\u00bb{}\u00bb][et_pb_text _builder_version=\u00bb4.22.1&#8243; header_font=\u00bbPoppins|600|||||||\u00bb header_text_color=\u00bb#005450&#8243; header_font_size=\u00bb80px\u00bb header_2_font=\u00bbPoppins|600|||||||\u00bb header_2_text_color=\u00bb#005450&#8243; header_2_font_size=\u00bb60px\u00bb header_2_line_height=\u00bb1.2em\u00bb header_2_font_size_tablet=\u00bb42px\u00bb header_2_font_size_phone=\u00bb24px\u00bb header_2_font_size_last_edited=\u00bbon|phone\u00bb border_color_all=\u00bb#ffffff\u00bb locked=\u00bboff\u00bb global_colors_info=\u00bb{}\u00bb]<\/p>\n<h1>Tratamientos psicol\u00f3gicos<\/h1>\n<p>[\/et_pb_text][\/et_pb_column_inner][\/et_pb_row_inner][et_pb_row_inner column_structure=\u00bb1_2,1_2&#8243; use_custom_gutter=\u00bbon\u00bb gutter_width=\u00bb2&#8243; _builder_version=\u00bb4.16&#8243; _module_preset=\u00bbdefault\u00bb global_colors_info=\u00bb{}\u00bb][et_pb_column_inner type=\u00bb1_2&#8243; saved_specialty_column_type=\u00bb2_3&#8243; _builder_version=\u00bb4.16&#8243; _module_preset=\u00bbdefault\u00bb global_colors_info=\u00bb{}\u00bb][et_pb_blurb title=\u00bbTerapia Individual\u00bb use_icon=\u00bbon\u00bb font_icon=\u00bb&#xf007;||fa||400&#8243; icon_color=\u00bb#005450&#8243; icon_placement=\u00bbleft\u00bb image_icon_width=\u00bb64px\u00bb content_max_width=\u00bb100%\u00bb image_icon_width_tablet=\u00bb32px\u00bb image_icon_width_phone=\u00bb32px\u00bb image_icon_width_last_edited=\u00bbon|tablet\u00bb _builder_version=\u00bb4.27.4&#8243; _module_preset=\u00bbdefault\u00bb header_level=\u00bbh3&#8243; header_font=\u00bbPoppins|600|||||||\u00bb header_text_color=\u00bb#005450&#8243; header_font_size=\u00bb20px\u00bb header_line_height=\u00bb1.4em\u00bb body_font=\u00bbWork Sans||||||||\u00bb body_font_size=\u00bb16px\u00bb body_line_height=\u00bb1.8em\u00bb animation=\u00bboff\u00bb hover_enabled=\u00bb0&#8243; header_font_size_tablet=\u00bb18px\u00bb header_font_size_phone=\u00bb16px\u00bb header_font_size_last_edited=\u00bbon|phone\u00bb body_font_size_tablet=\u00bb\u00bb body_font_size_phone=\u00bb14px\u00bb body_font_size_last_edited=\u00bbon|phone\u00bb image_max_width=\u00bb64px\u00bb image_max_width_tablet=\u00bb32px\u00bb image_max_width_phone=\u00bb\u00bb image_max_width_last_edited=\u00bbon|tablet\u00bb locked=\u00bboff\u00bb global_colors_info=\u00bb{}\u00bb sticky_enabled=\u00bb0&#8243;]<\/p>\n<p data-start=\"0\" data-end=\"341\">En la visita individual, nuestro psic\u00f3logo especializado en el trastorno realiza una evaluaci\u00f3n detallada del paciente para identificar las \u00e1reas clave que requieren atenci\u00f3n. A trav\u00e9s de tratamientos psicol\u00f3gicos personalizadas, como la terapia cognitivo-conductual o la regulaci\u00f3n emocional, se trabaja para mejorar el bienestar del paciente.<\/p>\n<p>[\/et_pb_blurb][\/et_pb_column_inner][et_pb_column_inner type=\u00bb1_2&#8243; saved_specialty_column_type=\u00bb2_3&#8243; _builder_version=\u00bb4.16&#8243; _module_preset=\u00bbdefault\u00bb global_colors_info=\u00bb{}\u00bb][et_pb_blurb title=\u00bbTerapia de Grupo\u00bb use_icon=\u00bbon\u00bb font_icon=\u00bb&#xf0c0;||fa||900&#8243; icon_color=\u00bb#005450&#8243; icon_placement=\u00bbleft\u00bb image_icon_width=\u00bb64px\u00bb content_max_width=\u00bb100%\u00bb image_icon_width_tablet=\u00bb32px\u00bb image_icon_width_phone=\u00bb32px\u00bb image_icon_width_last_edited=\u00bbon|tablet\u00bb _builder_version=\u00bb4.27.4&#8243; _module_preset=\u00bbdefault\u00bb header_level=\u00bbh3&#8243; header_font=\u00bbPoppins|600|||||||\u00bb header_text_color=\u00bb#005450&#8243; header_font_size=\u00bb20px\u00bb header_line_height=\u00bb1.4em\u00bb body_font=\u00bbWork Sans||||||||\u00bb body_font_size=\u00bb16px\u00bb body_line_height=\u00bb1.8em\u00bb animation=\u00bboff\u00bb hover_enabled=\u00bb0&#8243; header_font_size_tablet=\u00bb18px\u00bb header_font_size_phone=\u00bb16px\u00bb header_font_size_last_edited=\u00bbon|phone\u00bb body_font_size_tablet=\u00bb\u00bb body_font_size_phone=\u00bb14px\u00bb body_font_size_last_edited=\u00bbon|phone\u00bb image_max_width=\u00bb64px\u00bb image_max_width_tablet=\u00bb32px\u00bb image_max_width_phone=\u00bb\u00bb image_max_width_last_edited=\u00bbon|tablet\u00bb locked=\u00bboff\u00bb global_colors_info=\u00bb{}\u00bb sticky_enabled=\u00bb0&#8243;]<\/p>\n<p>En las terapias de grupo, los pacientes que atraviesan un trastorno por consumo de cannabis tienen la oportunidad de compartir sus experiencias y aprendizajes con otras personas que enfrentan situaciones similares. Bajo la gu\u00eda de un psic\u00f3logo especializado, se trabajan din\u00e1micas grupales que fomentan la empat\u00eda, el apoyo mutuo y el intercambio de estrategias para superar la adicci\u00f3n.<\/p>\n<p>[\/et_pb_blurb][\/et_pb_column_inner][\/et_pb_row_inner][et_pb_row_inner column_structure=\u00bb1_2,1_2&#8243; use_custom_gutter=\u00bbon\u00bb gutter_width=\u00bb2&#8243; _builder_version=\u00bb4.16&#8243; _module_preset=\u00bbdefault\u00bb global_colors_info=\u00bb{}\u00bb][et_pb_column_inner type=\u00bb1_2&#8243; saved_specialty_column_type=\u00bb2_3&#8243; _builder_version=\u00bb4.16&#8243; _module_preset=\u00bbdefault\u00bb global_colors_info=\u00bb{}\u00bb][et_pb_blurb title=\u00bbTerapia Psicoeducativa\u00bb use_icon=\u00bbon\u00bb font_icon=\u00bb&#xf303;||fa||900&#8243; icon_color=\u00bb#005450&#8243; icon_placement=\u00bbleft\u00bb image_icon_width=\u00bb64px\u00bb content_max_width=\u00bb100%\u00bb image_icon_width_tablet=\u00bb32px\u00bb image_icon_width_phone=\u00bb32px\u00bb image_icon_width_last_edited=\u00bbon|tablet\u00bb _builder_version=\u00bb4.27.4&#8243; _module_preset=\u00bbdefault\u00bb header_level=\u00bbh3&#8243; header_font=\u00bbPoppins|600|||||||\u00bb header_text_color=\u00bb#005450&#8243; header_font_size=\u00bb20px\u00bb header_line_height=\u00bb1.4em\u00bb body_font=\u00bbWork Sans||||||||\u00bb body_font_size=\u00bb16px\u00bb body_line_height=\u00bb1.8em\u00bb animation=\u00bboff\u00bb header_font_size_tablet=\u00bb18px\u00bb header_font_size_phone=\u00bb16px\u00bb header_font_size_last_edited=\u00bbon|phone\u00bb body_font_size_tablet=\u00bb\u00bb body_font_size_phone=\u00bb14px\u00bb body_font_size_last_edited=\u00bbon|phone\u00bb image_max_width=\u00bb64px\u00bb image_max_width_tablet=\u00bb32px\u00bb image_max_width_phone=\u00bb\u00bb image_max_width_last_edited=\u00bbon|tablet\u00bb locked=\u00bboff\u00bb global_colors_info=\u00bb{}\u00bb]<\/p>\n<p>En estas terapias, nuestro objetivo es que el paciente adquiera un conocimiento profundo sobre su enfermedad, comprendiendo no solo los aspectos f\u00edsicos, sino tambi\u00e9n los emocionales y psicol\u00f3gicos involucrados. A trav\u00e9s de un enfoque educativo y terap\u00e9utico, se trabaja para que el paciente reconozca los factores que contribuyen a su adicci\u00f3n, identificando patrones de comportamiento y desencadenantes.<\/p>\n<p>[\/et_pb_blurb][\/et_pb_column_inner][et_pb_column_inner type=\u00bb1_2&#8243; saved_specialty_column_type=\u00bb2_3&#8243; _builder_version=\u00bb4.16&#8243; _module_preset=\u00bbdefault\u00bb global_colors_info=\u00bb{}\u00bb][et_pb_blurb title=\u00bbTalleres de Desarrollo\u00bb image=\u00bbhttps:\/\/benavet.com\/wp-content\/uploads\/2023\/01\/family-doctor-icon-2-green.png\u00bb icon_placement=\u00bbleft\u00bb image_icon_width=\u00bb64px\u00bb content_max_width=\u00bb100%\u00bb image_icon_width_tablet=\u00bb32px\u00bb image_icon_width_phone=\u00bb32px\u00bb image_icon_width_last_edited=\u00bbon|tablet\u00bb _builder_version=\u00bb4.27.4&#8243; _module_preset=\u00bbdefault\u00bb header_level=\u00bbh3&#8243; header_font=\u00bbPoppins|600|||||||\u00bb header_text_color=\u00bb#005450&#8243; header_font_size=\u00bb20px\u00bb header_line_height=\u00bb1.4em\u00bb body_font=\u00bbWork Sans||||||||\u00bb body_font_size=\u00bb16px\u00bb body_line_height=\u00bb1.8em\u00bb animation=\u00bboff\u00bb hover_enabled=\u00bb0&#8243; header_font_size_tablet=\u00bb18px\u00bb header_font_size_phone=\u00bb16px\u00bb header_font_size_last_edited=\u00bbon|phone\u00bb body_font_size_tablet=\u00bb\u00bb body_font_size_phone=\u00bb14px\u00bb body_font_size_last_edited=\u00bbon|phone\u00bb image_max_width=\u00bb64px\u00bb image_max_width_tablet=\u00bb32px\u00bb image_max_width_phone=\u00bb\u00bb image_max_width_last_edited=\u00bbon|tablet\u00bb locked=\u00bboff\u00bb global_colors_info=\u00bb{}\u00bb sticky_enabled=\u00bb0&#8243;]<\/p>\n<p>En estos talleres, nos enfocamos en trabajar diversos aspectos que son clave para mejorar el autoconcepto y la autoestima del paciente mediante tratamientos psicol\u00f3gicos. A trav\u00e9s de ejercicios pr\u00e1cticos y reflexivos, el paciente aprende a identificar sus fortalezas, reconocer sus logros y desarrollar una visi\u00f3n m\u00e1s positiva de s\u00ed mismo. Tambi\u00e9n se abordan las creencias limitantes y los patrones de pensamiento negativos que afectan la autoestima, ayudando a reemplazarlos por pensamientos m\u00e1s realistas y constructivos.<\/p>\n<p>[\/et_pb_blurb][\/et_pb_column_inner][\/et_pb_row_inner][et_pb_row_inner column_structure=\u00bb1_2,1_2&#8243; use_custom_gutter=\u00bbon\u00bb gutter_width=\u00bb2&#8243; _builder_version=\u00bb4.16&#8243; _module_preset=\u00bbdefault\u00bb global_colors_info=\u00bb{}\u00bb][et_pb_column_inner type=\u00bb1_2&#8243; saved_specialty_column_type=\u00bb2_3&#8243; _builder_version=\u00bb4.16&#8243; _module_preset=\u00bbdefault\u00bb global_colors_info=\u00bb{}\u00bb][et_pb_blurb title=\u00bbTratamiento Farmacol\u00f3gico\u00bb image=\u00bbhttps:\/\/benavet.com\/wp-content\/uploads\/2023\/01\/family-doctor-icon-11-green.png\u00bb icon_placement=\u00bbleft\u00bb image_icon_width=\u00bb64px\u00bb content_max_width=\u00bb100%\u00bb image_icon_width_tablet=\u00bb32px\u00bb image_icon_width_phone=\u00bb32px\u00bb image_icon_width_last_edited=\u00bbon|tablet\u00bb _builder_version=\u00bb4.27.4&#8243; _module_preset=\u00bbdefault\u00bb header_level=\u00bbh3&#8243; header_font=\u00bbPoppins|600|||||||\u00bb header_text_color=\u00bb#005450&#8243; header_font_size=\u00bb20px\u00bb header_line_height=\u00bb1.4em\u00bb body_font=\u00bbWork Sans||||||||\u00bb body_font_size=\u00bb16px\u00bb body_line_height=\u00bb1.8em\u00bb animation=\u00bboff\u00bb hover_enabled=\u00bb0&#8243; header_font_size_tablet=\u00bb18px\u00bb header_font_size_phone=\u00bb16px\u00bb header_font_size_last_edited=\u00bbon|phone\u00bb body_font_size_tablet=\u00bb\u00bb body_font_size_phone=\u00bb14px\u00bb body_font_size_last_edited=\u00bbon|phone\u00bb image_max_width=\u00bb64px\u00bb image_max_width_tablet=\u00bb32px\u00bb image_max_width_phone=\u00bb\u00bb image_max_width_last_edited=\u00bbon|tablet\u00bb locked=\u00bboff\u00bb global_colors_info=\u00bb{}\u00bb sticky_enabled=\u00bb0&#8243;]<\/p>\n<p>En estas terapias, nuestro objetivo es que el paciente comprenda a fondo todos los aspectos de su enfermedad. A trav\u00e9s de un enfoque educativo y reflexivo, proporcionamos informaci\u00f3n detallada sobre el trastorno, sus causas, sus s\u00edntomas y c\u00f3mo influye en la vida diaria. Adem\u00e1s, trabajamos para que el paciente se familiarice con las din\u00e1micas y patrones asociados a su enfermedad, lo que le permite tomar un papel activo en su proceso de recuperaci\u00f3n.<\/p>\n<p>[\/et_pb_blurb][\/et_pb_column_inner][et_pb_column_inner type=\u00bb1_2&#8243; saved_specialty_column_type=\u00bb2_3&#8243; _builder_version=\u00bb4.16&#8243; _module_preset=\u00bbdefault\u00bb global_colors_info=\u00bb{}\u00bb][et_pb_blurb title=\u00bbYoga\u00bb use_icon=\u00bbon\u00bb font_icon=\u00bb&#xf70c;||fa||900&#8243; icon_color=\u00bb#005450&#8243; icon_placement=\u00bbleft\u00bb image_icon_width=\u00bb64px\u00bb content_max_width=\u00bb100%\u00bb image_icon_width_tablet=\u00bb32px\u00bb image_icon_width_phone=\u00bb32px\u00bb image_icon_width_last_edited=\u00bbon|tablet\u00bb _builder_version=\u00bb4.27.4&#8243; _module_preset=\u00bbdefault\u00bb header_level=\u00bbh3&#8243; header_font=\u00bbPoppins|600|||||||\u00bb header_text_color=\u00bb#005450&#8243; header_font_size=\u00bb20px\u00bb header_line_height=\u00bb1.4em\u00bb body_font=\u00bbWork Sans||||||||\u00bb body_font_size=\u00bb16px\u00bb body_line_height=\u00bb1.8em\u00bb animation=\u00bboff\u00bb hover_enabled=\u00bb0&#8243; header_font_size_tablet=\u00bb18px\u00bb header_font_size_phone=\u00bb16px\u00bb header_font_size_last_edited=\u00bbon|phone\u00bb body_font_size_tablet=\u00bb\u00bb body_font_size_phone=\u00bb14px\u00bb body_font_size_last_edited=\u00bbon|phone\u00bb image_max_width=\u00bb64px\u00bb image_max_width_tablet=\u00bb32px\u00bb image_max_width_phone=\u00bb\u00bb image_max_width_last_edited=\u00bbon|tablet\u00bb locked=\u00bboff\u00bb global_colors_info=\u00bb{}\u00bb sticky_enabled=\u00bb0&#8243;]<\/p>\n<p>Mediante el <a href=\"https:\/\/benavet.com\/es\/salud-mental\/mindfulness\/\">yoga<\/a>, se aplican diversas t\u00e9cnicas de relajaci\u00f3n que ayudan al paciente a gestionar de manera efectiva las ganas de consumir. A trav\u00e9s de la respiraci\u00f3n controlada, posturas y meditaciones, el yoga favorece la conexi\u00f3n mente-cuerpo, promoviendo una sensaci\u00f3n de calma y equilibrio interior. Esto permite que el paciente se enfoque en el momento presente y sea m\u00e1s consciente de sus emociones y pensamientos, reduciendo el impulso de recurrir a conductas de consumo.<\/p>\n<p>[\/et_pb_blurb][\/et_pb_column_inner][\/et_pb_row_inner][\/et_pb_column][\/et_pb_section]<\/p>\n","protected":false},"excerpt":{"rendered":"<p>Tratamientos psicol\u00f3gicosEn la visita individual, nuestro psic\u00f3logo especializado en el trastorno realiza una evaluaci\u00f3n detallada del paciente para identificar las \u00e1reas clave que requieren atenci\u00f3n. A trav\u00e9s de tratamientos psicol\u00f3gicos personalizadas, como la terapia cognitivo-conductual o la regulaci\u00f3n emocional, se trabaja para mejorar el bienestar del paciente.En las terapias de grupo, los pacientes que atraviesan [&hellip;]<\/p>\n","protected":false},"author":1,"featured_media":0,"parent":0,"menu_order":0,"comment_status":"closed","ping_status":"closed","template":"","meta":{"_et_pb_use_builder":"on","_et_pb_old_content":"","_et_gb_content_width":"","_joinchat":[],"footnotes":""},"class_list":["post-2457","page","type-page","status-publish","hentry"],"_links":{"self":[{"href":"https:\/\/benavet.com\/es\/wp-json\/wp\/v2\/pages\/2457","targetHints":{"allow":["GET"]}}],"collection":[{"href":"https:\/\/benavet.com\/es\/wp-json\/wp\/v2\/pages"}],"about":[{"href":"https:\/\/benavet.com\/es\/wp-json\/wp\/v2\/types\/page"}],"author":[{"embeddable":true,"href":"https:\/\/benavet.com\/es\/wp-json\/wp\/v2\/users\/1"}],"replies":[{"embeddable":true,"href":"https:\/\/benavet.com\/es\/wp-json\/wp\/v2\/comments?post=2457"}],"version-history":[{"count":19,"href":"https:\/\/benavet.com\/es\/wp-json\/wp\/v2\/pages\/2457\/revisions"}],"predecessor-version":[{"id":4968,"href":"https:\/\/benavet.com\/es\/wp-json\/wp\/v2\/pages\/2457\/revisions\/4968"}],"wp:attachment":[{"href":"https:\/\/benavet.com\/es\/wp-json\/wp\/v2\/media?parent=2457"}],"curies":[{"name":"wp","href":"https:\/\/api.w.org\/{rel}","templated":true}]}}