{"id":1268,"date":"2020-09-18T12:17:09","date_gmt":"2020-09-18T12:17:09","guid":{"rendered":"https:\/\/benavet.com\/aviso-legal\/"},"modified":"2025-03-12T12:02:24","modified_gmt":"2025-03-12T12:02:24","slug":"avis-legal","status":"publish","type":"page","link":"https:\/\/benavet.com\/ca\/avis-legal\/","title":{"rendered":"Av\u00eds legal"},"content":{"rendered":"<p>[et_pb_section fb_built=&#8221;1&#8243; custom_padding_last_edited=&#8221;on|tablet&#8221; next_background_color=&#8221;#ffffff&#8221; admin_label=&#8221;Hero&#8221; _builder_version=&#8221;4.16&#8243; use_background_color_gradient=&#8221;on&#8221; background_color_gradient_stops=&#8221;rgba(1,130,0,0.57) 50%|rgba(1,130,0,0.55) 100%&#8221; background_color_gradient_overlays_image=&#8221;on&#8221; background_color_gradient_start=&#8221;rgba(1,130,0,0.57)&#8221; background_color_gradient_start_position=&#8221;50%&#8221; background_color_gradient_end=&#8221;rgba(1,130,0,0.55)&#8221; background_enable_image=&#8221;off&#8221; min_height=&#8221;328px&#8221; max_height=&#8221;447px&#8221; custom_margin=&#8221;||||false&#8221; custom_padding=&#8221;7vw||4vw||false|false&#8221; custom_padding_tablet=&#8221;||50px|&#8221; custom_padding_phone=&#8221;&#8221; bottom_divider_style=&#8221;curve&#8221; bottom_divider_height=&#8221;2.5vw&#8221; global_colors_info=&#8221;{}&#8221;][et_pb_row _builder_version=&#8221;4.16&#8243; animation_style=&#8221;fade&#8221; global_colors_info=&#8221;{}&#8221;][et_pb_column type=&#8221;4_4&#8243; _builder_version=&#8221;4.16&#8243; custom_padding=&#8221;|||&#8221; global_colors_info=&#8221;{}&#8221; custom_padding__hover=&#8221;|||&#8221;][et_pb_text _builder_version=&#8221;4.27.4&#8243; text_font=&#8221;Quicksand||||||||&#8221; text_text_color=&#8221;#ffffff&#8221; text_font_size=&#8221;18px&#8221; text_line_height=&#8221;2em&#8221; header_font=&#8221;Quicksand|500|||||||&#8221; header_font_size=&#8221;50px&#8221; header_line_height=&#8221;1.4em&#8221; background_color=&#8221;rgba(0,0,0,0)&#8221; text_orientation=&#8221;center&#8221; background_layout=&#8221;dark&#8221; max_width=&#8221;700px&#8221; module_alignment=&#8221;center&#8221; hover_enabled=&#8221;0&#8243; header_font_size_tablet=&#8221;40px&#8221; header_font_size_phone=&#8221;32px&#8221; header_font_size_last_edited=&#8221;on|desktop&#8221; border_color_all=&#8221;rgba(0,0,0,0)&#8221; global_colors_info=&#8221;{}&#8221; sticky_enabled=&#8221;0&#8243;]<\/p>\n<h1>Av\u00edsos legals<\/h1>\n<p>[\/et_pb_text][\/et_pb_column][\/et_pb_row][\/et_pb_section][et_pb_section fb_built=&#8221;1&#8243; admin_label=&#8221;Blog&#8221; _builder_version=&#8221;4.16&#8243; custom_padding=&#8221;53px|1px|53.4688px|0px|false|false&#8221; global_colors_info=&#8221;{}&#8221;][et_pb_row _builder_version=&#8221;4.16&#8243; _module_preset=&#8221;default&#8221; global_colors_info=&#8221;{}&#8221;][et_pb_column type=&#8221;4_4&#8243; _builder_version=&#8221;4.16&#8243; _module_preset=&#8221;default&#8221; global_colors_info=&#8221;{}&#8221;][et_pb_text _builder_version=&#8221;4.16&#8243; _module_preset=&#8221;default&#8221; global_colors_info=&#8221;{}&#8221;]<\/p>\n<h4>AV\u00cdS LEGAL, POLITICA DE PRIVACITAT I PROTECCION DE DADES<\/h4>\n<h5><strong>Av\u00eds legal<\/strong><\/h5>\n<p>En compliment de l&#8217;article 10 de la Llei 34\/2002, de 12 d&#8217;Octubre, de Serveis de la Societat de la Informaci\u00f3 i de Comer\u00e7 electr\u00f2nic Centri Psicologic Benavet, S.L. posa a la disposici\u00f3 dels usuaris d&#8217;aquest lloc web la seg\u00fcent informaci\u00f3:<\/p>\n<p>El lloc web www.benavet.com, \u00e9s propietat de Centre Psicologic Benavet, S.L., amb domicili social en Av. Pa\u00efsos Catalans, 11, C.P. 43007, de Tarragona.<\/p>\n<p>Vost\u00e8 pot contactar-nos a trav\u00e9s dels seg\u00fcents mitjans de comunicaci\u00f3:<\/p>\n<ul>\n<li>Telefono: (+34) 611 40 85 86<\/li>\n<li>Correu electr\u00f2nic: info@benavet.com<\/li>\n<\/ul>\n<p>&nbsp;<\/p>\n<h5><strong>OBJECTE:<\/strong><\/h5>\n<p>La present p\u00e0gina Web ha estat dissenyada per a donar a con\u00e8ixer els serveis oferts per l&#8217;entitat, aix\u00ed com per a la recepci\u00f3 de possibles clients.<\/p>\n<p>&nbsp;<\/p>\n<h5><strong>PROPIETAT INTEL\u00b7LECTUAL I INDUSTRIAL:<\/strong><\/h5>\n<p>Els drets de propietat intel\u00b7lectual de la p\u00e0gina www.benavet.com, el seu codi font, disseny, estructures de navegaci\u00f3 i els diferents elements en ella continguts s\u00f3n titularitat de Centre Psicologic Benavet, S.L., a qui correspon l&#8217;exercici exclusiu dels drets d&#8217;explotaci\u00f3 dels mateixos en qualsevol forma i, especialment, els drets de reproducci\u00f3, distribuci\u00f3, comunicaci\u00f3 p\u00fablica i transformaci\u00f3, d&#8217;acord amb la legislaci\u00f3 espanyola i de la uni\u00f3 europea aplicable.<\/p>\n<p>El portal de Centre Psicologic Benavet, S.L., les p\u00e0gines que compr\u00e8n i la informaci\u00f3 o elements continguts en aquestes, inclouen textos, documents, fotografies, dibuixos, representacions gr\u00e0fiques, programes inform\u00e0tics, aix\u00ed com logotips, marques, noms comercials, o altres signes distintius, protegits per drets de propietat intel\u00b7lectual o industrial, dels quals Centri Psicologic Benavet, S.L. s\u00f3n titulars o leg\u00edtimes licenciatarias.<\/p>\n<p>&nbsp;<\/p>\n<h5><strong>CONTINGUTS:<\/strong><\/h5>\n<p>Es facilita a trav\u00e9s d&#8217;aquesta Web informaci\u00f3 sobre serveis destinats a coneixement p\u00fablic que en tot cas se subjectaran als termes i condicions expressament detallats a cada moment i que s\u00f3n accessibles des d&#8217;aquesta p\u00e0gina Web, els quals se subjectaran a les diferents disposicions legals d&#8217;aplicaci\u00f3.<\/p>\n<p>&nbsp;<\/p>\n<h5><strong>ACC\u00c9S I \u00daS:<\/strong><\/h5>\n<p>Tant l&#8217;acc\u00e9s a aquesta p\u00e0gina Web, com l&#8217;\u00fas que pugui fer-se de la informaci\u00f3 i continguts inclosos en aquesta, ser\u00e0 de l&#8217;exclusiva responsabilitat de qui el realitzi.<\/p>\n<p>Les condicions d&#8217;acc\u00e9s a aquest Web estaran supeditades a la legalitat vigent i els principis de la bona fe i \u00fas l\u00edcit per part de l&#8217;usuari d&#8217;aquesta, quedant prohibit amb car\u00e0cter general qualsevol tipus d&#8217;actuaci\u00f3 en perjudici de Centre Psicologic Benavet, S.L..<\/p>\n<p>Es considerar\u00e0 terminantment prohibit l&#8217;\u00fas de la present p\u00e0gina Web amb finalitats il\u00b7legals o no autoritzats.<\/p>\n<p>Queda prohibida qualsevol modalitat d&#8217;explotaci\u00f3, incloent tot tipus de reproducci\u00f3, distribuci\u00f3, cessi\u00f3 a tercers, comunicaci\u00f3 p\u00fablica i transformaci\u00f3, mitjan\u00e7ant qualsevol tipus de suport i mig, de les obres abans referides, creacions i signes distintius sense autoritzaci\u00f3 pr\u00e8via i expressa dels seus respectius titulars. L&#8217;incompliment d&#8217;aquesta prohibici\u00f3 podr\u00e0 constituir infracci\u00f3 sancionable per la legislaci\u00f3 vigent.<\/p>\n<p>No obstant aix\u00f2, pel seu compte i risc, l&#8217;usuari podr\u00e0 descarregar o realitzar c\u00f2pia de tals elements exclusivament per al seu \u00fas personal, sempre que no infringeixi cap dels drets de propietat intel\u00b7lectual o industrial de Centre Psicologic Benavet, S.L., ni els alteri totalment o parcialment. En cap cas, aix\u00f2 significar\u00e0 una autoritzaci\u00f3 o llic\u00e8ncia sobre els drets de propietat de Centre Psicologic Benavet, S.L..<\/p>\n<p>Queda prohibit, excepte en els casos que expressament ho autoritzi Centri Psicologic Benavet, S.L., presentar les p\u00e0gines de Centre Psicologic Benavet, S.L., o la informaci\u00f3 continguda en elles baix frames o marcs, signes distintius, marques o denominacions socials o comercials d&#8217;una altra persona, empresa o entitat.<\/p>\n<p>&nbsp;<\/p>\n<h5><strong>RESPONSABILITAT:<\/strong><\/h5>\n<p>Centri Psicologic Benavet, S.L. no es fa responsable en cap concepte per cap mena de mal que poguessin ocasionar els Usuaris a la present p\u00e0gina Web, o a qualsevol altra, per l&#8217;\u00fas il\u00b7legal o indegut d&#8217;aquesta, o dels continguts i informacions accessibles o facilitades a trav\u00e9s d&#8217;ella.<\/p>\n<p>&nbsp;<\/p>\n<h5><strong>SERVEI:<\/strong><\/h5>\n<p>Centri Psicologic Benavet, S.L. es reserva el dret de suspendre l&#8217;acc\u00e9s a la seva p\u00e0gina Web, sense previ av\u00eds, de manera discrecional i temporal, per raons t\u00e8cniques o de qualsevol altra \u00edndole, podent aix\u00ed mateix modificar unilateralment tant les condicions d&#8217;acc\u00e9s, com la totalitat o part dels continguts en ella inclosos.<\/p>\n<p>&nbsp;<\/p>\n<h5><strong>GENERALS:<\/strong><\/h5>\n<p>Per a tota q\u00fcesti\u00f3 litigiosa o que incumbeixi la P\u00e0gina Web de Centre Psicologic Benavet, S.L., ser\u00e0 aplicable la legislaci\u00f3 espanyola, sent competents per a la resoluci\u00f3 de tots els conflictes derivats o relacionats amb l&#8217;\u00fas d&#8217;aquesta p\u00e0gina Web, els Jutjats i Tribunals del domicili de l&#8217;usuari. L&#8217;acc\u00e9s a la p\u00e0gina Web de Centre Psicologic Benavet, S.L. implica l&#8217;acceptaci\u00f3 de totes les condicions anteriorment expressades.<\/p>\n<p>&nbsp;<\/p>\n<h5><strong>ENLLA\u00c7OS:<\/strong><\/h5>\n<p>Els enlla\u00e7os continguts en el lloc web de Centre Psicologic Benavet, S.L. poden dirigir a p\u00e0gines Web de tercers. Centri Psicologic Benavet, S.L. no assumeix cap responsabilitat pel contingut, informacions o serveis que poguessin apar\u00e8ixer en aquests llocs, que tindran exclusivament car\u00e0cter informatiu i que en cap cas impliquen cap relaci\u00f3 entre Centre Psicologic Benavet, S.L. i a les persones o entitats titulars de tals continguts o titulars dels llocs on es trobin.<\/p>\n<p>&nbsp;<\/p>\n<hr>\n<h4>POLITICA DE PRIVACITAT I PROTECCI\u00d3 DE DADES.<\/h4>\n<p>&nbsp;<\/p>\n<h5><strong>GENERAL:<\/strong><\/h5>\n<p>A l&#8217;efecte del que es preveu en la Llei org\u00e0nica 15\/1999, de 13 de Desembre, de Protecci\u00f3 de Dades de Car\u00e0cter Personal, Centri Psicologic Benavet, S.L., l&#8217;informa que compleix \u00edntegrament amb la legislaci\u00f3 vigent en mat\u00e8ria de protecci\u00f3 de dades de car\u00e0cter personal, i amb els compromisos de confidencialitat propis de la seva activitat.<\/p>\n<p>Centri Psicologic Benavet, S.L., posa en el seu coneixement l&#8217;exist\u00e8ncia d&#8217;un fitxers automatitzat de dades de car\u00e0cter personal, titularitat de Centre Psicologic Benavet, S.L., per a les finalitats pr\u00f2pies de gesti\u00f3, comunicaci\u00f3 i informaci\u00f3. El citat fitxer es troba inscrit en el Registre General de l&#8217;Ag\u00e8ncia Espanyola de Protecci\u00f3 de Dades, al qual pot accedir l&#8217;usuari per a comprovar la situaci\u00f3 d&#8217;aquests.<\/p>\n<p>&nbsp;<\/p>\n<h5><strong>MESURES I NIVELLS DE SEGURETAT:<\/strong><\/h5>\n<p>Centri Psicologic Benavet, S.L., ha adoptat les mesures necess\u00e0ries per a mantenir el nivell de seguretat requerit, segons la naturalesa de les dades personals tractats i les circumst\u00e0ncies del tractament, a fi d&#8217;evitar, en la mesura que sigui possible i sempre segons l&#8217;estat de la t\u00e8cnica, la seva alteraci\u00f3, p\u00e8rdua, tractament o acc\u00e9s no autoritzat.<\/p>\n<p>&nbsp;<\/p>\n<h5><strong>AMBITO D&#8217;APLICACI\u00d3:<\/strong><\/h5>\n<p>L&#8217;estructura de fitxers, equips i sistemes d&#8217;informaci\u00f3 a fi de donar compliment a la legislaci\u00f3 vigent en mat\u00e8ria de protecci\u00f3 de dades, s&#8217;aplicaran a tots els fitxers, temporals o permanents, titularitat de Centre Psicologic Benavet, S.L., que continguin dades de car\u00e0cter personal, aix\u00ed com a qualsevol equip o sistema d&#8217;informaci\u00f3 que els tracti.<\/p>\n<p>Tot el personal contractat per Centre Psicologic Benavet, S.L. i els seus Encarregats de Tractament, estan obligats al compliment de la citada normativa, amb especial atenci\u00f3 quant a les seves funcions i obligacions, que seran degudament determinades per Centre Psicologic Benavet, S.L..<\/p>\n<p>&nbsp;<\/p>\n<h5><strong>RECOLLIDA DE DADES:<\/strong><\/h5>\n<p>L&#8217;acceptaci\u00f3 de les presents condicions, precisa de l&#8217;usuari la recollida d&#8217;unes dades imprescindibles per a la prestaci\u00f3 dels seus serveis, que li seran sol\u00b7licitats personalment a trav\u00e9s de formularis o de la p\u00e0gina Web. En el moment de la recollida de les dades, l&#8217;usuari ser\u00e0 degudament informat dels drets que li assisteixen.<\/p>\n<p>Perqu\u00e8 la informaci\u00f3 que contenen els nostres fitxers estigui sempre actualitzada i no contingui errors, demanem als nostres clients i usuaris que ens comuniquin, com m\u00e9s aviat millor, les modificacions i rectificacions de les seves dades de car\u00e0cter personal.<\/p>\n<p>&nbsp;<\/p>\n<h5><strong>EXERCICI DE DRETS:<\/strong><\/h5>\n<p>Els drets d&#8217;acc\u00e9s, rectificaci\u00f3, cancel\u00b7laci\u00f3 i oposici\u00f3, podran ser exercitats per l&#8217;usuari, o qui a aquest representi, mitjan\u00e7ant sol\u00b7licitud escrita i signada, dirigida a Centre Psicologic Benavet, S.L., Av. Pa\u00efsos Catalans, 11 prov\u00edncia de Tarragona, amb Codi Postal 43007, Espanya. No obstant aix\u00f2 podran utilitzar-se altres mitjans que permetin recon\u00e8ixer la identitat del client que exerciti qualsevol dels anteriors drets.<\/p>\n<p>&nbsp;<\/p>\n<h5><strong>CONSENTIMENT:<\/strong><\/h5>\n<p>L&#8217;usuari prestar\u00e0 el seu consentiment perqu\u00e8 Centri Psicologic Benavet, S.L. pugui fer \u00fas de les seves dades personals a fi de prestar un correcte compliment dels serveis contractats.<\/p>\n<p>L&#8217;emplenament del formulari incl\u00f2s en el lloc o l&#8217;enviament de correus electr\u00f2nics o altres comunicacions a Centre Psicologic Benavet, S.L., implica el consentiment expr\u00e9s del client a la inclusi\u00f3 de les seves dades de car\u00e0cter personal en el referit fitxer automatitzat, titularitat de Centre Psicologic Benavet, S.L..<\/p>\n<p>Al temps de la petici\u00f3 d&#8217;aquesta informaci\u00f3, es comunicar\u00e0 al client o usuari del destinatari de la informaci\u00f3, de la finalitat per a la qual es recullen les dades, de la identitat i adre\u00e7a del Responsable del Fitxer i de la facultat de l&#8217;usuari d&#8217;exercitar els drets d&#8217;acc\u00e9s, rectificaci\u00f3, cancel\u00b7laci\u00f3 i oposici\u00f3 al tractament de les seves dades.<\/p>\n<p>&nbsp;<\/p>\n<h5><strong>CESSI\u00d3 A TERCERS:<\/strong><\/h5>\n<p>Centri Psicologic Benavet, S.L. no cedeix dades de car\u00e0cter personal sense el consentiment expr\u00e9s dels seus titulars, que haur\u00e0 de ser concedit en cada ocasi\u00f3, sent nom\u00e9s cedits amb la finalitat expressada i sempre amb el consentiment de l&#8217;usuari o client.<\/p>\n<p>&nbsp;<\/p>\n<h5><strong>CONFIDENCIALITAT I SECRET PROFESSIONAL:<\/strong><\/h5>\n<p>Les dades recollides en totes les comunicacions privades entre Centre Psicologic Benavet, S.L. i els clients o usuaris seran tractats amb absoluta confidencialitat, comprometent-se Centri Psicologic Benavet, S.L. a l&#8217;obligaci\u00f3 de secret de les dades de car\u00e0cter personal, al seu deure de guardar-los i adoptar totes les mesures necess\u00e0ries que evitin la seva alteraci\u00f3, p\u00e8rdua i tractament o acc\u00e9s no autoritzat, d&#8217;acord amb el que s&#8217;estableix en el Reglament de Mesures de Seguretat dels Fitxers Automatitzats que continguin dades de car\u00e0cter personal.<\/p>\n<p>A m\u00e9s, tamb\u00e9 tindr\u00e0 la condici\u00f3 de confidencial la informaci\u00f3 de qualsevol tipus que les parts intercanvi\u00efn entre si, aquella que aquestes acordin que t\u00e9 tal naturalesa, o la que simplement veure&#8217;s sobre el contingut d&#8217;aquesta informaci\u00f3. La visualitzaci\u00f3 de dades a trav\u00e9s d&#8217;Internet, no suposar\u00e0 l&#8217;acc\u00e9s directe a aquests, excepte consentiment expr\u00e9s del seu titular per a cada ocasi\u00f3.<\/p>\n<p>Recomanem al client que no faciliti a tercer algun la seva identificaci\u00f3, contrasenya o n\u00fameros de refer\u00e8ncia que Centri Psicologic Benavet, S.L. pogu\u00e9s proporcionar-li. Aix\u00ed mateix, per a garantir que la protecci\u00f3 del secret professional entre Centre Psicologic Benavet, S.L. i el client es preservi en totes les comunicacions, el client\/usuari no ha de revelar la informaci\u00f3 confidencial a tercers.<\/p>\n<p>&nbsp;<\/p>\n<h5><strong>\u00daS DE COOKIES:<\/strong><\/h5>\n<p>Centri Psicologic Benavet, S.L. pot utilitzar cookies quan un Usuari navegui per les p\u00e0gines web del Portal. Les cookies s&#8217;associen \u00fanicament amb el navegador d&#8217;un ordinador determinat (un Usuari an\u00f2nim), i no proporcionen per si mateixes el nom i cognoms de l&#8217;Usuari. Gr\u00e0cies a les cookies, resulta possible que Centri Psicologic Benavet, S.L. reconegui les prefer\u00e8ncies sobre els continguts del Portal seleccionats en visites anteriors pels Usuaris, per a poder recordar les seves prefer\u00e8ncies sense que hagin de tornar a seleccionar-les en visites posteriors.<\/p>\n<p>L&#8217;Usuari t\u00e9 la possibilitat de configurar el seu navegador per a ser avisat en pantalla de la recepci\u00f3 de cookies i per a impedir la instal\u00b7laci\u00f3 de cookies en el seu disc dur.<\/p>\n<p>Si us plau, consulti les instruccions i manuals del seu navegador per a ampliar aquesta informaci\u00f3. Per a utilitzar el Portal, no resulta necessari que l&#8217;Usuari permeti la instal\u00b7laci\u00f3 de les cookies enviades per Centre Psicologic Benavet, S.L., sense perjudici que, en tal cas, sigui necessari que l&#8217;Usuari hagi de realitzar aquesta selecci\u00f3 en cada ocasi\u00f3 que visiti el Portal.<\/p>\n<p>&nbsp;<\/p>\n<h5><strong>CANVIS EN LA POL\u00cdTICA DE SEGURETAT I DE PROTECCI\u00d3 DE DADES:<\/strong><\/h5>\n<p>Centri Psicologic Benavet, S.L. es reserva el dret de modificar la seva pol\u00edtica de seguretat i protecci\u00f3 de dades a fi d&#8217;adaptar-lo a les novetats legislatives o jurisprudencials, aix\u00ed com les que poguessin derivar-se de codis tipus existents en la mat\u00e8ria, o per decisions corporatives estrat\u00e8giques, amb efectes de la data de publicaci\u00f3 d&#8217;aquesta modificaci\u00f3.<\/p>\n<p>[\/et_pb_text][\/et_pb_column][\/et_pb_row][\/et_pb_section]<\/p>\n","protected":false},"excerpt":{"rendered":"<p>Av\u00edsos legalsAV\u00cdS LEGAL, POLITICA DE PRIVACITAT I PROTECCION DE DADES Av\u00eds legal En compliment de l&#8217;article 10 de la Llei 34\/2002, de 12 d&#8217;Octubre, de Serveis de la Societat de la Informaci\u00f3 i de Comer\u00e7 electr\u00f2nic Centri Psicologic Benavet, S.L. posa a la disposici\u00f3 dels usuaris d&#8217;aquest lloc web la seg\u00fcent informaci\u00f3: El lloc web [&hellip;]<\/p>\n","protected":false},"author":2,"featured_media":0,"parent":0,"menu_order":0,"comment_status":"closed","ping_status":"closed","template":"","meta":{"_et_pb_use_builder":"on","_et_pb_old_content":"","_et_gb_content_width":"","_joinchat":[],"footnotes":""},"class_list":["post-1268","page","type-page","status-publish","hentry"],"_links":{"self":[{"href":"https:\/\/benavet.com\/ca\/wp-json\/wp\/v2\/pages\/1268","targetHints":{"allow":["GET"]}}],"collection":[{"href":"https:\/\/benavet.com\/ca\/wp-json\/wp\/v2\/pages"}],"about":[{"href":"https:\/\/benavet.com\/ca\/wp-json\/wp\/v2\/types\/page"}],"author":[{"embeddable":true,"href":"https:\/\/benavet.com\/ca\/wp-json\/wp\/v2\/users\/2"}],"replies":[{"embeddable":true,"href":"https:\/\/benavet.com\/ca\/wp-json\/wp\/v2\/comments?post=1268"}],"version-history":[{"count":9,"href":"https:\/\/benavet.com\/ca\/wp-json\/wp\/v2\/pages\/1268\/revisions"}],"predecessor-version":[{"id":3089,"href":"https:\/\/benavet.com\/ca\/wp-json\/wp\/v2\/pages\/1268\/revisions\/3089"}],"wp:attachment":[{"href":"https:\/\/benavet.com\/ca\/wp-json\/wp\/v2\/media?parent=1268"}],"curies":[{"name":"wp","href":"https:\/\/api.w.org\/{rel}","templated":true}]}}